{"id":111,"date":"2015-09-25T21:20:24","date_gmt":"2015-09-25T20:20:24","guid":{"rendered":"http:\/\/www.communedetoeufles.fr\/?page_id=111"},"modified":"2016-03-11T17:54:41","modified_gmt":"2016-03-11T16:54:41","slug":"a-la-croisee-des-chemins","status":"publish","type":"page","link":"https:\/\/www.communedetoeufles.fr\/?page_id=111","title":{"rendered":"A la crois\u00e9e des chemins"},"content":{"rendered":"<p style=\"text-align: left;\"><strong>L\u2019ASSOCIATION A LA CROISEE DES CHEMINS<\/strong><\/p>\n<p style=\"text-align: left;\"><a href=\"https:\/\/www.communedetoeufles.fr\/wp-content\/uploads\/Picto-3p.jpg\"><img loading=\"lazy\" decoding=\"async\" class=\"alignnone  wp-image-496\" src=\"https:\/\/www.communedetoeufles.fr\/wp-content\/uploads\/Picto-3p-217x300.jpg\" alt=\"Picto (3)p\" width=\"132\" height=\"183\" srcset=\"https:\/\/www.communedetoeufles.fr\/wp-content\/uploads\/Picto-3p-217x300.jpg 217w, https:\/\/www.communedetoeufles.fr\/wp-content\/uploads\/Picto-3p.jpg 580w\" sizes=\"auto, (max-width: 132px) 100vw, 132px\" \/><\/a><a href=\"https:\/\/www.communedetoeufles.fr\/wp-content\/uploads\/grainestrie-STAND1-2p.jpg\"><img loading=\"lazy\" decoding=\"async\" class=\"alignright wp-image-498\" src=\"https:\/\/www.communedetoeufles.fr\/wp-content\/uploads\/grainestrie-STAND1-2p-300x199.jpg\" alt=\"grainestrie STAND1 (2)p\" width=\"270\" height=\"179\" srcset=\"https:\/\/www.communedetoeufles.fr\/wp-content\/uploads\/grainestrie-STAND1-2p-300x199.jpg 300w, https:\/\/www.communedetoeufles.fr\/wp-content\/uploads\/grainestrie-STAND1-2p.jpg 800w\" sizes=\"auto, (max-width: 270px) 100vw, 270px\" \/><\/a><\/p>\n<p>Cr\u00e9\u00e9e en 2004, l\u2019Association A la Crois\u00e9e des Chemins a son si\u00e8ge depuis deux ans \u00e0 Toeufles. Cr\u00e9\u00e9e initialement pour inciter et contribuer \u00e0 la restauration et conservation des \u00e9glises d\u2019Acheux, de Bouillancourt et de Toeufles, pour mettre en valeur leur patrimoine et organiser des manifestations en lien avec ce patrimoine, l&rsquo;Association a, aujourd\u2019hui, pour objet de contribuer \u00e0 l\u2019animation, la valorisation, la protection, l\u2019embellissement du Vimeu, pour une meilleure qualit\u00e9 de vie des habitants et pour rendre le territoire encore plus attractif.<\/p>\n<p>Ses principaux axes d\u2019intervention concernent le patrimoine naturel et b\u00e2ti, la ruralit\u00e9, la tradition picarde, la culture et les savoir-faire locaux, le d\u00e9veloppement durable.<br \/>\nPour mener \u00e0 bien son projet, l\u2019association s\u2019appuie autant que possible sur des partenariats avec les habitants, les \u00e9coles, les collectivit\u00e9s, les entreprises, les autres associations.<br \/>\nPar son action, elle participe, aux grands projets de Picardie maritime.<\/p>\n<p>Les Graines Trie, la F\u00eate de la Laine, Caval\u2019Trie comptent parmi les principaux \u00e9v\u00e8nements organis\u00e9s r\u00e9cemment. Chaque ann\u00e9e, une ou plusieurs randonn\u00e9es permettent de d\u00e9couvrir les sentiers et le patrimoine naturel et b\u00e2ti du Vimeu vert (ou de la Baie de Somme). L\u2019association est tr\u00e8s attach\u00e9e au d\u00e9veloppement de partenariats. Elle s\u2019est notamment impliqu\u00e9e dans les Rencontres de la Trie organis\u00e9es en 2015 par la Communaut\u00e9 de Communes du Vimeu Vert.<\/p>\n<p>Contact Jean-Pierre CLIPET<br \/>\nManoir de Chaussoy<br \/>\n80870 TOEUFLES<br \/>\n03 22 61 37 71<br \/>\nMail :alacroiseedeschemins80@gmail.com<\/p>\n<p><strong>\u00a0<\/strong><\/p>\n","protected":false},"excerpt":{"rendered":"<p>L\u2019ASSOCIATION A LA CROISEE DES CHEMINS Cr\u00e9\u00e9e en 2004, l\u2019Association A la Crois\u00e9e des Chemins a son si\u00e8ge depuis deux ans \u00e0 Toeufles. Cr\u00e9\u00e9e initialement pour inciter et contribuer \u00e0 la restauration et conservation des \u00e9glises d\u2019Acheux, de Bouillancourt et &hellip; <a href=\"https:\/\/www.communedetoeufles.fr\/?page_id=111\">Continuer la lecture <span class=\"meta-nav\">&rarr;<\/span><\/a><\/p>\n","protected":false},"author":1,"featured_media":0,"parent":0,"menu_order":0,"comment_status":"closed","ping_status":"closed","template":"","meta":{"footnotes":""},"class_list":["post-111","page","type-page","status-publish","hentry"],"_links":{"self":[{"href":"https:\/\/www.communedetoeufles.fr\/index.php?rest_route=\/wp\/v2\/pages\/111","targetHints":{"allow":["GET"]}}],"collection":[{"href":"https:\/\/www.communedetoeufles.fr\/index.php?rest_route=\/wp\/v2\/pages"}],"about":[{"href":"https:\/\/www.communedetoeufles.fr\/index.php?rest_route=\/wp\/v2\/types\/page"}],"author":[{"embeddable":true,"href":"https:\/\/www.communedetoeufles.fr\/index.php?rest_route=\/wp\/v2\/users\/1"}],"replies":[{"embeddable":true,"href":"https:\/\/www.communedetoeufles.fr\/index.php?rest_route=%2Fwp%2Fv2%2Fcomments&post=111"}],"version-history":[{"count":4,"href":"https:\/\/www.communedetoeufles.fr\/index.php?rest_route=\/wp\/v2\/pages\/111\/revisions"}],"predecessor-version":[{"id":512,"href":"https:\/\/www.communedetoeufles.fr\/index.php?rest_route=\/wp\/v2\/pages\/111\/revisions\/512"}],"wp:attachment":[{"href":"https:\/\/www.communedetoeufles.fr\/index.php?rest_route=%2Fwp%2Fv2%2Fmedia&parent=111"}],"curies":[{"name":"wp","href":"https:\/\/api.w.org\/{rel}","templated":true}]}}