{"id":14,"date":"2014-12-12T19:07:53","date_gmt":"2014-12-12T18:07:53","guid":{"rendered":"http:\/\/www.communedetoeufles.fr\/?page_id=14"},"modified":"2015-11-20T18:00:27","modified_gmt":"2015-11-20T17:00:27","slug":"mentions-legales","status":"publish","type":"page","link":"https:\/\/www.communedetoeufles.fr\/?page_id=14","title":{"rendered":"Mentions l\u00e9gales"},"content":{"rendered":"<p>Directeur de la publication <strong>M. Magnier Christian &#8211; Maire de Toeufles<\/strong><\/p>\n<p>Responsable du site <strong>M.Morel Didier &#8211; Conseiller<\/strong><\/p>\n<p>H\u00e9bergement :<\/p>\n<p><strong>Syndicat mixte Somme Num\u00e9rique<\/strong><br \/>\n83 rue Saint Fuscien<br \/>\n80000 AMIENS<br \/>\nTel\u00a0: 03 22 22 27 27<br \/>\n<a href=\"mailto:courrier@sommenumerique.fr\">courrier@sommenumerique.fr<\/a><\/p>\n<p><strong>Droits d\u2019auteurs et copyright<\/strong><\/p>\n<p>Le site de la mairie de\u00a0TOEUFLES est une \u0153uvre de l\u2019esprit prot\u00e9g\u00e9e par la l\u00e9gislation en vigueur.<\/p>\n<p>Les droits de l\u2019auteur de ce site sont r\u00e9serv\u00e9s pour toute forme d\u2019utilisation. En particulier, la reproduction des \u00e9l\u00e9ments graphiques du site, le t\u00e9l\u00e9chargement complet du site pour son enregistrement sur un support de diffusion, ainsi que toute utilisation des visuels et textes qu\u2019il contient autre que la consultation individuelle et priv\u00e9e sont interdits sans autorisation.<\/p>\n<p>Les droits aff\u00e9rents aux illustrations et photographies contenues dans ce site appartiennent, sauf mention contraire, au site de la mairie de TOEUFLES.<\/p>\n<p>Les auteurs des photographies sont, sauf mention particuli\u00e8re : Tous droits r\u00e9serv\u00e9s.<\/p>\n<p><strong>Avertissements<\/strong><\/p>\n<p>Les informations publi\u00e9es sont r\u00e9guli\u00e8rement v\u00e9rifi\u00e9es. La mairie de TOEUFLES d\u00e9cline toute responsabilit\u00e9 en cas d\u2019erreur ou d\u2019omission.<\/p>\n<p>Pour signaler une erreur ou demander la rectification d\u2019informations, n\u2019h\u00e9sitez pas \u00e0 contacter le webmestre par courriel.<\/p>\n<p>Les informations techniques qui se trouvent sur ce site n\u2019ont qu\u2019une valeur informative et sont susceptibles d\u2019\u00e9voluer en fonction des modifications l\u00e9gislatives et r\u00e9glementaires.<\/p>\n<p>La mairie de TOEUFLES ne peut \u00eatre tenu responsable de l\u2019interpr\u00e9tation que vous pourriez faire des informations contenues dans ce site.<br \/>\nIl appartient \u00e0 l\u2019utilisateur de ce site de prendre toutes les mesures appropri\u00e9es de fa\u00e7on \u00e0 prot\u00e9ger ses propres donn\u00e9es et\/ou logiciels de la contamination par d\u2019\u00e9ventuels virus circulant sur le r\u00e9seau Internet. De mani\u00e8re g\u00e9n\u00e9rale, la mairie de TOEUFLES d\u00e9cline toute responsabilit\u00e9 \u00e0 un \u00e9ventuel dommage survenu pendant la consultation du pr\u00e9sent site.<\/p>\n<p>Dans l\u2019esprit d\u2019Internet, les liens propos\u00e9s vers d\u2019autres sites sont communiqu\u00e9s \u00e0 titre indicatif et ne sauraient engager la responsabilit\u00e9 de la mairie de TOEUFLES, tant en ce qui concerne les contenus que les conditions d\u2019acc\u00e8s. A l\u2019inverse, toute personne (physique ou morale) souhaitant cr\u00e9er un ou (des) lien(s) vers une ou plusieurs page(s) du pr\u00e9sent site doit pr\u00e9alablement en demander l\u2019autorisation \u00e0 mairie-de-favieres@orange.fr.<\/p>\n<p>N\u00e9anmoins, par principe sont autoris\u00e9s, sans accord express pr\u00e9alable :<\/p>\n<p>La citation est n\u00e9cessairement courte, cette notion s\u2019appr\u00e9ciant tant par rapport \u00e0 la publication dont elle est extraite que par rapport \u00e0 celle dans laquelle elle est introduite. La citation illustre un propos et ne doit pas concurrencer la publication \u00e0 laquelle elle est emprunt\u00e9e. La multiplication des citations, aboutissant \u00e0 une anthologie, est consid\u00e9r\u00e9e comme une \u0153uvre d\u00e9riv\u00e9e, et donc soumise \u00e0 l\u2019accord pr\u00e9alable de l\u2019auteur ou de l\u2019ayant droit.<\/p>\n<p>Mairie de TOEUFLES,<\/p>\n<p><strong>Responsabilit\u00e9s et droit de suppression\/modification<\/strong><\/p>\n<p>La mairie de\u00a0TOEUFLES d\u00e9gage toute responsabilit\u00e9 concernant les liens cr\u00e9\u00e9s par d\u2019autres sites vers ses propres sites. L\u2019existence de tels liens ne peut permettre d\u2019induire que la mairie de\u00a0TOEUFLES cautionne ces sites ou qu\u2019elle en approuve le contenu.<\/p>\n<p>Afin de garantir l\u2019identit\u00e9 et l\u2019int\u00e9grit\u00e9 de son site, la mairie de\u00a0TOEUFLES se r\u00e9serve le droit d\u2019interdire les liens qui ne r\u00e9pondraient pas \u00e0 l\u2019objet dudit site ou qui pourraient porter pr\u00e9judice \u00e0 l\u2019image de l\u2019institution. La mairie de\u00a0TOEUFLES ne peut \u00eatre tenu responsable du contenu (\u00e9ditoriaux, illustrations \u2026) des sites vers lesquels ses sites renvoient.<\/p>\n","protected":false},"excerpt":{"rendered":"<p>Directeur de la publication M. Magnier Christian &#8211; Maire de Toeufles Responsable du site M.Morel Didier &#8211; Conseiller H\u00e9bergement : Syndicat mixte Somme Num\u00e9rique 83 rue Saint Fuscien 80000 AMIENS Tel\u00a0: 03 22 22 27 27 courrier@sommenumerique.fr Droits d\u2019auteurs et &hellip; <a href=\"https:\/\/www.communedetoeufles.fr\/?page_id=14\">Continuer la lecture <span class=\"meta-nav\">&rarr;<\/span><\/a><\/p>\n","protected":false},"author":1,"featured_media":0,"parent":0,"menu_order":0,"comment_status":"open","ping_status":"open","template":"","meta":{"footnotes":""},"class_list":["post-14","page","type-page","status-publish","hentry"],"_links":{"self":[{"href":"https:\/\/www.communedetoeufles.fr\/index.php?rest_route=\/wp\/v2\/pages\/14","targetHints":{"allow":["GET"]}}],"collection":[{"href":"https:\/\/www.communedetoeufles.fr\/index.php?rest_route=\/wp\/v2\/pages"}],"about":[{"href":"https:\/\/www.communedetoeufles.fr\/index.php?rest_route=\/wp\/v2\/types\/page"}],"author":[{"embeddable":true,"href":"https:\/\/www.communedetoeufles.fr\/index.php?rest_route=\/wp\/v2\/users\/1"}],"replies":[{"embeddable":true,"href":"https:\/\/www.communedetoeufles.fr\/index.php?rest_route=%2Fwp%2Fv2%2Fcomments&post=14"}],"version-history":[{"count":6,"href":"https:\/\/www.communedetoeufles.fr\/index.php?rest_route=\/wp\/v2\/pages\/14\/revisions"}],"predecessor-version":[{"id":444,"href":"https:\/\/www.communedetoeufles.fr\/index.php?rest_route=\/wp\/v2\/pages\/14\/revisions\/444"}],"wp:attachment":[{"href":"https:\/\/www.communedetoeufles.fr\/index.php?rest_route=%2Fwp%2Fv2%2Fmedia&parent=14"}],"curies":[{"name":"wp","href":"https:\/\/api.w.org\/{rel}","templated":true}]}}