{"id":147,"date":"2015-09-28T22:20:47","date_gmt":"2015-09-28T21:20:47","guid":{"rendered":"http:\/\/www.communedetoeufles.fr\/?page_id=147"},"modified":"2018-07-06T09:55:22","modified_gmt":"2018-07-06T08:55:22","slug":"ancien-cafe","status":"publish","type":"page","link":"https:\/\/www.communedetoeufles.fr\/?page_id=147","title":{"rendered":"Projet Nouvelle  Mairie"},"content":{"rendered":"<p>Construction d&rsquo;une nouvelle mairie et d&rsquo;un logement\u00a0 locatif \u00e0 la place de l&rsquo;ancien caf\u00e9<strong><br \/>\n<\/strong><\/p>\n<p><a href=\"https:\/\/www.communedetoeufles.fr\/wp-content\/uploads\/cafe.jpg\"><img loading=\"lazy\" decoding=\"async\" class=\"alignnone size-medium wp-image-149\" src=\"https:\/\/www.communedetoeufles.fr\/wp-content\/uploads\/cafe-300x185.jpg\" alt=\"cafe\" width=\"300\" height=\"185\" srcset=\"https:\/\/www.communedetoeufles.fr\/wp-content\/uploads\/cafe-300x185.jpg 300w, https:\/\/www.communedetoeufles.fr\/wp-content\/uploads\/cafe-1024x634.jpg 1024w, https:\/\/www.communedetoeufles.fr\/wp-content\/uploads\/cafe.jpg 1280w\" sizes=\"auto, (max-width: 300px) 100vw, 300px\" \/><\/a><\/p>\n<p>projet\u00a0 des futures fa\u00e7ades\u00a0 ci dessous<\/p>\n<p><a href=\"https:\/\/www.communedetoeufles.fr\/wp-content\/uploads\/mairie-plan-1.png\"><img loading=\"lazy\" decoding=\"async\" class=\"alignnone wp-image-420\" src=\"https:\/\/www.communedetoeufles.fr\/wp-content\/uploads\/mairie-plan-1-300x157.png\" alt=\"mairie plan 1\" width=\"556\" height=\"291\" srcset=\"https:\/\/www.communedetoeufles.fr\/wp-content\/uploads\/mairie-plan-1-300x157.png 300w, https:\/\/www.communedetoeufles.fr\/wp-content\/uploads\/mairie-plan-1.png 841w\" sizes=\"auto, (max-width: 556px) 100vw, 556px\" \/><\/a><\/p>\n<p>&nbsp;<\/p>\n<p>Travaux d\u2019am\u00e9nagement de la future mairie:<\/p>\n<p>Nous pouvons dire aujourd&rsquo;hui qu\u2019il ne s\u2019agit plus d\u2019un projet mais d\u2019un chantier dont les travaux\u00a0ont commenc\u00e9 en septembre 2017 puisque les appels d\u2019offres ont \u00e9t\u00e9 fructueux et que les\u00a0diff\u00e9rentes entreprises devant intervenir ont \u00e9t\u00e9 choisies.Cette nouvelle localisation de la mairie\u00a0 permettra un acc\u00e8s aux personnes \u00e0 mobilit\u00e9 r\u00e9duite et de<br \/>\nmeilleures conditions de stationnement.<\/p>\n<p><strong>La nouvelle mairie a \u00e9t\u00e9 inaugur\u00e9e le samedi 23 juin 2018, le ruban bleu blanc rouge a \u00e9t\u00e9 coup\u00e9 par Monsieur le Sous-Pr\u00e9fet en pr\u00e9sences de nombreuses personnalit\u00e9s: Mme et Mrs les S\u00e9nateurs, D\u00e9put\u00e9s, Vice-Pr\u00e9sidente du Conseil d\u00e9partemental , Pr\u00e9sident de la Communaut\u00e9 de Communes du Vimeu&#8230;<\/strong><\/p>\n","protected":false},"excerpt":{"rendered":"<p>Construction d&rsquo;une nouvelle mairie et d&rsquo;un logement\u00a0 locatif \u00e0 la place de l&rsquo;ancien caf\u00e9 projet\u00a0 des futures fa\u00e7ades\u00a0 ci dessous &nbsp; Travaux d\u2019am\u00e9nagement de la future mairie: Nous pouvons dire aujourd&rsquo;hui qu\u2019il ne s\u2019agit plus d\u2019un projet mais d\u2019un chantier &hellip; <a href=\"https:\/\/www.communedetoeufles.fr\/?page_id=147\">Continuer la lecture <span class=\"meta-nav\">&rarr;<\/span><\/a><\/p>\n","protected":false},"author":1,"featured_media":0,"parent":0,"menu_order":0,"comment_status":"closed","ping_status":"closed","template":"","meta":{"footnotes":""},"class_list":["post-147","page","type-page","status-publish","hentry"],"_links":{"self":[{"href":"https:\/\/www.communedetoeufles.fr\/index.php?rest_route=\/wp\/v2\/pages\/147","targetHints":{"allow":["GET"]}}],"collection":[{"href":"https:\/\/www.communedetoeufles.fr\/index.php?rest_route=\/wp\/v2\/pages"}],"about":[{"href":"https:\/\/www.communedetoeufles.fr\/index.php?rest_route=\/wp\/v2\/types\/page"}],"author":[{"embeddable":true,"href":"https:\/\/www.communedetoeufles.fr\/index.php?rest_route=\/wp\/v2\/users\/1"}],"replies":[{"embeddable":true,"href":"https:\/\/www.communedetoeufles.fr\/index.php?rest_route=%2Fwp%2Fv2%2Fcomments&post=147"}],"version-history":[{"count":10,"href":"https:\/\/www.communedetoeufles.fr\/index.php?rest_route=\/wp\/v2\/pages\/147\/revisions"}],"predecessor-version":[{"id":866,"href":"https:\/\/www.communedetoeufles.fr\/index.php?rest_route=\/wp\/v2\/pages\/147\/revisions\/866"}],"wp:attachment":[{"href":"https:\/\/www.communedetoeufles.fr\/index.php?rest_route=%2Fwp%2Fv2%2Fmedia&parent=147"}],"curies":[{"name":"wp","href":"https:\/\/api.w.org\/{rel}","templated":true}]}}