{"id":170,"date":"2015-09-29T18:25:29","date_gmt":"2015-09-29T17:25:29","guid":{"rendered":"http:\/\/www.communedetoeufles.fr\/?page_id=170"},"modified":"2018-11-12T14:25:13","modified_gmt":"2018-11-12T13:25:13","slug":"manifestations","status":"publish","type":"page","link":"https:\/\/www.communedetoeufles.fr\/?page_id=170","title":{"rendered":"Agenda"},"content":{"rendered":"<p><strong>Samedi 17 novembre: Soir\u00e9e Beaujolais Nouveau<\/strong><\/p>\n<p><strong>Dimanche 28 avril 2019: Repas des A\u00een\u00e9s<\/strong><\/p>\n<p><strong>Dimanche 5 mai 2019: Brocante<\/strong><\/p>\n","protected":false},"excerpt":{"rendered":"<p>Samedi 17 novembre: Soir\u00e9e Beaujolais Nouveau Dimanche 28 avril 2019: Repas des A\u00een\u00e9s Dimanche 5 mai 2019: Brocante<\/p>\n","protected":false},"author":1,"featured_media":0,"parent":0,"menu_order":0,"comment_status":"closed","ping_status":"closed","template":"","meta":{"footnotes":""},"class_list":["post-170","page","type-page","status-publish","hentry"],"_links":{"self":[{"href":"https:\/\/www.communedetoeufles.fr\/index.php?rest_route=\/wp\/v2\/pages\/170","targetHints":{"allow":["GET"]}}],"collection":[{"href":"https:\/\/www.communedetoeufles.fr\/index.php?rest_route=\/wp\/v2\/pages"}],"about":[{"href":"https:\/\/www.communedetoeufles.fr\/index.php?rest_route=\/wp\/v2\/types\/page"}],"author":[{"embeddable":true,"href":"https:\/\/www.communedetoeufles.fr\/index.php?rest_route=\/wp\/v2\/users\/1"}],"replies":[{"embeddable":true,"href":"https:\/\/www.communedetoeufles.fr\/index.php?rest_route=%2Fwp%2Fv2%2Fcomments&post=170"}],"version-history":[{"count":27,"href":"https:\/\/www.communedetoeufles.fr\/index.php?rest_route=\/wp\/v2\/pages\/170\/revisions"}],"predecessor-version":[{"id":884,"href":"https:\/\/www.communedetoeufles.fr\/index.php?rest_route=\/wp\/v2\/pages\/170\/revisions\/884"}],"wp:attachment":[{"href":"https:\/\/www.communedetoeufles.fr\/index.php?rest_route=%2Fwp%2Fv2%2Fmedia&parent=170"}],"curies":[{"name":"wp","href":"https:\/\/api.w.org\/{rel}","templated":true}]}}