{"id":188,"date":"2015-09-29T21:06:33","date_gmt":"2015-09-29T20:06:33","guid":{"rendered":"http:\/\/www.communedetoeufles.fr\/?page_id=188"},"modified":"2018-11-12T14:15:09","modified_gmt":"2018-11-12T13:15:09","slug":"ecole-primaire","status":"publish","type":"page","link":"https:\/\/www.communedetoeufles.fr\/?page_id=188","title":{"rendered":"RPI Acheux Toeufles"},"content":{"rendered":"<p style=\"text-align: center;\"><strong>\u00c9cole primaire de Toeufles<\/strong><\/p>\n<p><a href=\"https:\/\/www.communedetoeufles.fr\/wp-content\/uploads\/Toeufles_Somme_Fr_\u00e9cole.jpg\"><img loading=\"lazy\" decoding=\"async\" class=\"alignnone size-medium wp-image-807\" src=\"https:\/\/www.communedetoeufles.fr\/wp-content\/uploads\/Toeufles_Somme_Fr_\u00e9cole-300x225.jpg\" alt=\"\" width=\"300\" height=\"225\" srcset=\"https:\/\/www.communedetoeufles.fr\/wp-content\/uploads\/Toeufles_Somme_Fr_\u00e9cole-300x225.jpg 300w, https:\/\/www.communedetoeufles.fr\/wp-content\/uploads\/Toeufles_Somme_Fr_\u00e9cole-768x576.jpg 768w, https:\/\/www.communedetoeufles.fr\/wp-content\/uploads\/Toeufles_Somme_Fr_\u00e9cole-1024x768.jpg 1024w, https:\/\/www.communedetoeufles.fr\/wp-content\/uploads\/Toeufles_Somme_Fr_\u00e9cole.jpg 1280w\" sizes=\"auto, (max-width: 300px) 100vw, 300px\" \/><\/a><\/p>\n<p><strong>\u00a0<\/strong><\/p>\n<p><strong>Le regroupement scolaire Acheux-Toeufles accueille 75 enfants pour l\u2019ann\u00e9e scolaire 2018\/2019 dont 48 \u00e9l\u00e8ves \u00e0 Acheux et 27 \u00e9l\u00e8ves \u00e0 Toeufles.<\/strong><\/p>\n<p>&nbsp;<\/p>\n<h3><a href=\"https:\/\/www.communedetoeufles.fr\/wp-content\/uploads\/ECOLEp.jpg\"><img loading=\"lazy\" decoding=\"async\" class=\"alignnone size-medium wp-image-343\" src=\"https:\/\/www.communedetoeufles.fr\/wp-content\/uploads\/ECOLEp-300x207.jpg\" alt=\"ECOLEp\" width=\"300\" height=\"207\" srcset=\"https:\/\/www.communedetoeufles.fr\/wp-content\/uploads\/ECOLEp-300x207.jpg 300w, https:\/\/www.communedetoeufles.fr\/wp-content\/uploads\/ECOLEp-1024x709.jpg 1024w, https:\/\/www.communedetoeufles.fr\/wp-content\/uploads\/ECOLEp.jpg 1280w\" sizes=\"auto, (max-width: 300px) 100vw, 300px\" \/><\/a><\/h3>\n<p>&nbsp;<\/p>\n<p>&nbsp;<\/p>\n<p>&nbsp;<\/p>\n","protected":false},"excerpt":{"rendered":"<p>\u00c9cole primaire de Toeufles \u00a0 Le regroupement scolaire Acheux-Toeufles accueille 75 enfants pour l\u2019ann\u00e9e scolaire 2018\/2019 dont 48 \u00e9l\u00e8ves \u00e0 Acheux et 27 \u00e9l\u00e8ves \u00e0 Toeufles. &nbsp; &nbsp; &nbsp; &nbsp;<\/p>\n","protected":false},"author":1,"featured_media":0,"parent":0,"menu_order":0,"comment_status":"closed","ping_status":"closed","template":"","meta":{"footnotes":""},"class_list":["post-188","page","type-page","status-publish","hentry"],"_links":{"self":[{"href":"https:\/\/www.communedetoeufles.fr\/index.php?rest_route=\/wp\/v2\/pages\/188","targetHints":{"allow":["GET"]}}],"collection":[{"href":"https:\/\/www.communedetoeufles.fr\/index.php?rest_route=\/wp\/v2\/pages"}],"about":[{"href":"https:\/\/www.communedetoeufles.fr\/index.php?rest_route=\/wp\/v2\/types\/page"}],"author":[{"embeddable":true,"href":"https:\/\/www.communedetoeufles.fr\/index.php?rest_route=\/wp\/v2\/users\/1"}],"replies":[{"embeddable":true,"href":"https:\/\/www.communedetoeufles.fr\/index.php?rest_route=%2Fwp%2Fv2%2Fcomments&post=188"}],"version-history":[{"count":12,"href":"https:\/\/www.communedetoeufles.fr\/index.php?rest_route=\/wp\/v2\/pages\/188\/revisions"}],"predecessor-version":[{"id":882,"href":"https:\/\/www.communedetoeufles.fr\/index.php?rest_route=\/wp\/v2\/pages\/188\/revisions\/882"}],"wp:attachment":[{"href":"https:\/\/www.communedetoeufles.fr\/index.php?rest_route=%2Fwp%2Fv2%2Fmedia&parent=188"}],"curies":[{"name":"wp","href":"https:\/\/api.w.org\/{rel}","templated":true}]}}