{"id":224,"date":"2015-10-03T21:35:53","date_gmt":"2015-10-03T20:35:53","guid":{"rendered":"http:\/\/www.communedetoeufles.fr\/?page_id=224"},"modified":"2015-10-03T21:51:20","modified_gmt":"2015-10-03T20:51:20","slug":"urgence-et-sante","status":"publish","type":"page","link":"https:\/\/www.communedetoeufles.fr\/?page_id=224","title":{"rendered":"Urgences et Sant\u00e9"},"content":{"rendered":"<h2>Num\u00e9ros \u00e0 composer en cas d\u2019urgences depuis un poste fixe:<\/h2>\n<p>Pompiers et secours: 18<a href=\"http:\/\/www.bernaville.fr\/wp-content\/uploads\/2011\/08\/urgences-mutuelles.gif\"><img loading=\"lazy\" decoding=\"async\" class=\"alignright size-thumbnail wp-image-495\" title=\"urgences-mutuelles\" src=\"http:\/\/www.bernaville.fr\/wp-content\/uploads\/2011\/08\/urgences-mutuelles-150x150.gif\" alt=\"\" width=\"150\" height=\"150\" \/><\/a><\/p>\n<p>Gendarmerie: 17<\/p>\n<p>SAMU: 15<\/p>\n<p>&nbsp;<\/p>\n<h2>Num\u00e9ros \u00e0 composer depuis un portable:<\/h2>\n<p>Tous types d\u2019urgences: 112<\/p>\n","protected":false},"excerpt":{"rendered":"<p>Num\u00e9ros \u00e0 composer en cas d\u2019urgences depuis un poste fixe: Pompiers et secours: 18 Gendarmerie: 17 SAMU: 15 &nbsp; Num\u00e9ros \u00e0 composer depuis un portable: Tous types d\u2019urgences: 112<\/p>\n","protected":false},"author":1,"featured_media":0,"parent":0,"menu_order":0,"comment_status":"closed","ping_status":"closed","template":"","meta":{"footnotes":""},"class_list":["post-224","page","type-page","status-publish","hentry"],"_links":{"self":[{"href":"https:\/\/www.communedetoeufles.fr\/index.php?rest_route=\/wp\/v2\/pages\/224","targetHints":{"allow":["GET"]}}],"collection":[{"href":"https:\/\/www.communedetoeufles.fr\/index.php?rest_route=\/wp\/v2\/pages"}],"about":[{"href":"https:\/\/www.communedetoeufles.fr\/index.php?rest_route=\/wp\/v2\/types\/page"}],"author":[{"embeddable":true,"href":"https:\/\/www.communedetoeufles.fr\/index.php?rest_route=\/wp\/v2\/users\/1"}],"replies":[{"embeddable":true,"href":"https:\/\/www.communedetoeufles.fr\/index.php?rest_route=%2Fwp%2Fv2%2Fcomments&post=224"}],"version-history":[{"count":2,"href":"https:\/\/www.communedetoeufles.fr\/index.php?rest_route=\/wp\/v2\/pages\/224\/revisions"}],"predecessor-version":[{"id":231,"href":"https:\/\/www.communedetoeufles.fr\/index.php?rest_route=\/wp\/v2\/pages\/224\/revisions\/231"}],"wp:attachment":[{"href":"https:\/\/www.communedetoeufles.fr\/index.php?rest_route=%2Fwp%2Fv2%2Fmedia&parent=224"}],"curies":[{"name":"wp","href":"https:\/\/api.w.org\/{rel}","templated":true}]}}