{"id":227,"date":"2015-10-03T21:40:20","date_gmt":"2015-10-03T20:40:20","guid":{"rendered":"http:\/\/www.communedetoeufles.fr\/?page_id=227"},"modified":"2018-01-18T14:18:15","modified_gmt":"2018-01-18T13:18:15","slug":"ordures-menageres","status":"publish","type":"page","link":"https:\/\/www.communedetoeufles.fr\/?page_id=227","title":{"rendered":"Ordures m\u00e9nag\u00e8res"},"content":{"rendered":"<p><strong>ATTENTION :\u00a0 \u00a0 COLLECTE DES ORDURES M\u00c9NAG\u00c8RES TOUS LES\u00a0<\/strong><b>MARDIS\u00a0 ( Sauf si ce\u00a0 jour est f\u00e9ri\u00e9 le mercredi )\u00a0 exclusivement dans bac roulant <\/b><span style=\"color: #000000;\"><b>avec<\/b><\/span><b>\u00a0couvercle gris .\u00a0 \u00a0 \u00a0 \u00a0 \u00a0 \u00a0 \u00a0 \u00a0 \u00a0 \u00a0 \u00a0 \u00a0 \u00a0 \u00a0 \u00a0\u00a0<\/b><\/p>\n<p><strong>Les collectes d\u00e9butent d\u00e8s 5 h00 du matin alors veuillez d\u00e9poser votre bac la veuille au soir.<\/strong><\/p>\n<p><strong>COLLECTE DES ENCOMBRANTS LE MERCREDI 10 OCTOBRE 2018.<\/strong><\/p>\n","protected":false},"excerpt":{"rendered":"<p>ATTENTION :\u00a0 \u00a0 COLLECTE DES ORDURES M\u00c9NAG\u00c8RES TOUS LES\u00a0MARDIS\u00a0 ( Sauf si ce\u00a0 jour est f\u00e9ri\u00e9 le mercredi )\u00a0 exclusivement dans bac roulant avec\u00a0couvercle gris .\u00a0 \u00a0 \u00a0 \u00a0 \u00a0 \u00a0 \u00a0 \u00a0 \u00a0 \u00a0 \u00a0 \u00a0 \u00a0 \u00a0 \u00a0\u00a0 &hellip; <a href=\"https:\/\/www.communedetoeufles.fr\/?page_id=227\">Continuer la lecture <span class=\"meta-nav\">&rarr;<\/span><\/a><\/p>\n","protected":false},"author":1,"featured_media":0,"parent":0,"menu_order":0,"comment_status":"closed","ping_status":"closed","template":"","meta":{"footnotes":""},"class_list":["post-227","page","type-page","status-publish","hentry"],"_links":{"self":[{"href":"https:\/\/www.communedetoeufles.fr\/index.php?rest_route=\/wp\/v2\/pages\/227","targetHints":{"allow":["GET"]}}],"collection":[{"href":"https:\/\/www.communedetoeufles.fr\/index.php?rest_route=\/wp\/v2\/pages"}],"about":[{"href":"https:\/\/www.communedetoeufles.fr\/index.php?rest_route=\/wp\/v2\/types\/page"}],"author":[{"embeddable":true,"href":"https:\/\/www.communedetoeufles.fr\/index.php?rest_route=\/wp\/v2\/users\/1"}],"replies":[{"embeddable":true,"href":"https:\/\/www.communedetoeufles.fr\/index.php?rest_route=%2Fwp%2Fv2%2Fcomments&post=227"}],"version-history":[{"count":7,"href":"https:\/\/www.communedetoeufles.fr\/index.php?rest_route=\/wp\/v2\/pages\/227\/revisions"}],"predecessor-version":[{"id":657,"href":"https:\/\/www.communedetoeufles.fr\/index.php?rest_route=\/wp\/v2\/pages\/227\/revisions\/657"}],"wp:attachment":[{"href":"https:\/\/www.communedetoeufles.fr\/index.php?rest_route=%2Fwp%2Fv2%2Fmedia&parent=227"}],"curies":[{"name":"wp","href":"https:\/\/api.w.org\/{rel}","templated":true}]}}