{"id":241,"date":"2015-10-03T22:14:06","date_gmt":"2015-10-03T21:14:06","guid":{"rendered":"http:\/\/www.communedetoeufles.fr\/?page_id=241"},"modified":"2018-01-22T11:58:08","modified_gmt":"2018-01-22T10:58:08","slug":"les-croix-de-tuf","status":"publish","type":"page","link":"https:\/\/www.communedetoeufles.fr\/?page_id=241","title":{"rendered":"Les croix de tuf"},"content":{"rendered":"<p><strong>Un monopole du Vimeu<\/strong><\/p>\n<p><a href=\"https:\/\/www.communedetoeufles.fr\/wp-content\/uploads\/CROIX1.png\"><img loading=\"lazy\" decoding=\"async\" class=\"alignnone size-medium wp-image-318\" src=\"https:\/\/www.communedetoeufles.fr\/wp-content\/uploads\/CROIX1-300x225.png\" alt=\"CROIX\" width=\"300\" height=\"225\" srcset=\"https:\/\/www.communedetoeufles.fr\/wp-content\/uploads\/CROIX1-300x225.png 300w, https:\/\/www.communedetoeufles.fr\/wp-content\/uploads\/CROIX1.png 800w\" sizes=\"auto, (max-width: 300px) 100vw, 300px\" \/><\/a><\/p>\n<p>Le tuf agglom\u00e9rat calcaire poreux d\u00e9pos\u00e9 dans les cours d&rsquo;eau, donna la naissance \u00e0 une cinquantaine de croix se trouvant toutes dans le Vimeu. Six d&rsquo;entre elles se dressent sur le territoire de toeufles. Une, curieuse avec son imposante pierre carr\u00e9e est adoss\u00e9e au mur du cimeti\u00e8re; une plus modeste se niche sur un chemin menant \u00e0 Moyenneville; une au socle disproportionn\u00e9 garnit un talus \u00e0 Chaussoy; une autre encore jouxte le ch\u00e2teau de Rogeant.<\/p>\n<p>La tradition locale laisserait penser que le nom de Toeufles viendrait d&rsquo;une alt\u00e9ration du nom de ce mat\u00e9riau.<\/p>\n<p><strong>Pr\u00e9sentation des 6 croix de tuf localis\u00e9es \u00e0 Toeufles:\u00a0 \u00a0 \u00a0 \u00a0 \u00a0 \u00a0 \u00a0 \u00a0 \u00a0 \u00a0 \u00a0 \u00a0 \u00a0 \u00a0 \u00a0 \u00a0 \u00a0 \u00a0 \u00a0 \u00a0 \u00a0 \u00a0 \u00a0 \u00a0 \u00a0 \u00a0\u00a0<\/strong>\u00a0Voir [PDF]:\u00a0 \u00a0\u00a0<a href=\"https:\/\/www.communedetoeufles.fr\/wp-content\/uploads\/CROIX-DE-TUF.pdf\">CROIX DE TUF<\/a><\/p>\n<p>&nbsp;<\/p>\n","protected":false},"excerpt":{"rendered":"<p>Un monopole du Vimeu Le tuf agglom\u00e9rat calcaire poreux d\u00e9pos\u00e9 dans les cours d&rsquo;eau, donna la naissance \u00e0 une cinquantaine de croix se trouvant toutes dans le Vimeu. Six d&rsquo;entre elles se dressent sur le territoire de toeufles. Une, curieuse &hellip; <a href=\"https:\/\/www.communedetoeufles.fr\/?page_id=241\">Continuer la lecture <span class=\"meta-nav\">&rarr;<\/span><\/a><\/p>\n","protected":false},"author":1,"featured_media":0,"parent":0,"menu_order":0,"comment_status":"closed","ping_status":"closed","template":"","meta":{"footnotes":""},"class_list":["post-241","page","type-page","status-publish","hentry"],"_links":{"self":[{"href":"https:\/\/www.communedetoeufles.fr\/index.php?rest_route=\/wp\/v2\/pages\/241","targetHints":{"allow":["GET"]}}],"collection":[{"href":"https:\/\/www.communedetoeufles.fr\/index.php?rest_route=\/wp\/v2\/pages"}],"about":[{"href":"https:\/\/www.communedetoeufles.fr\/index.php?rest_route=\/wp\/v2\/types\/page"}],"author":[{"embeddable":true,"href":"https:\/\/www.communedetoeufles.fr\/index.php?rest_route=\/wp\/v2\/users\/1"}],"replies":[{"embeddable":true,"href":"https:\/\/www.communedetoeufles.fr\/index.php?rest_route=%2Fwp%2Fv2%2Fcomments&post=241"}],"version-history":[{"count":7,"href":"https:\/\/www.communedetoeufles.fr\/index.php?rest_route=\/wp\/v2\/pages\/241\/revisions"}],"predecessor-version":[{"id":688,"href":"https:\/\/www.communedetoeufles.fr\/index.php?rest_route=\/wp\/v2\/pages\/241\/revisions\/688"}],"wp:attachment":[{"href":"https:\/\/www.communedetoeufles.fr\/index.php?rest_route=%2Fwp%2Fv2%2Fmedia&parent=241"}],"curies":[{"name":"wp","href":"https:\/\/api.w.org\/{rel}","templated":true}]}}