{"id":271,"date":"2015-10-04T21:24:35","date_gmt":"2015-10-04T20:24:35","guid":{"rendered":"http:\/\/www.communedetoeufles.fr\/?page_id=271"},"modified":"2018-07-06T12:44:57","modified_gmt":"2018-07-06T11:44:57","slug":"projets-municipaux","status":"publish","type":"page","link":"https:\/\/www.communedetoeufles.fr\/?page_id=271","title":{"rendered":"Projets municipaux"},"content":{"rendered":"<p style=\"text-align: center;\"><strong>Projets<\/strong> <strong>2018<\/strong><\/p>\n<p><strong>\u00a0Samedi 23 juin : Inauguration de la\u00a0 nouvelle mairie ainsi que le logement communal qui lui est attenant.<\/strong><\/p>\n<p><a href=\"https:\/\/www.communedetoeufles.fr\/wp-content\/uploads\/DSC00559.jpgm_.jpg\"><img loading=\"lazy\" decoding=\"async\" class=\"size-medium wp-image-868 aligncenter\" src=\"https:\/\/www.communedetoeufles.fr\/wp-content\/uploads\/DSC00559.jpgm_-300x184.jpg\" alt=\"\" width=\"300\" height=\"184\" srcset=\"https:\/\/www.communedetoeufles.fr\/wp-content\/uploads\/DSC00559.jpgm_-300x184.jpg 300w, https:\/\/www.communedetoeufles.fr\/wp-content\/uploads\/DSC00559.jpgm_-768x470.jpg 768w, https:\/\/www.communedetoeufles.fr\/wp-content\/uploads\/DSC00559.jpgm_-1024x626.jpg 1024w, https:\/\/www.communedetoeufles.fr\/wp-content\/uploads\/DSC00559.jpgm_.jpg 1280w\" sizes=\"auto, (max-width: 300px) 100vw, 300px\" \/><\/a><\/p>\n<p style=\"text-align: center;\"><em><strong>Projets en cours de r\u00e9alisation:<\/strong> <\/em><\/p>\n<p><strong>&#8211; Remplacement des bras de lampadaires :<\/strong> (d\u00e9cembre 2015)\u00a0\u00a0\u00a0\u00a0\u00a0\u00a0\u00a0\u00a0\u00a0\u00a0\u00a0\u00a0\u00a0\u00a0\u00a0\u00a0\u00a0\u00a0\u00a0\u00a0\u00a0\u00a0\u00a0\u00a0\u00a0\u00a0\u00a0\u00a0\u00a0\u00a0\u00a0\u00a0\u00a0\u00a0\u00a0\u00a0\u00a0\u00a0\u00a0\u00a0\u00a0\u00a0 les travaux de remplacement des bras de lampadaires et la mise aux normes des armoires de commande sont en cours d\u2019ach\u00e8vement.<br \/>\n&#8211;<strong> Am\u00e9nagement de la cuisine de la salle des f\u00eates :<\/strong> (f\u00e9vrier 2015)\u00a0\u00a0\u00a0\u00a0\u00a0\u00a0\u00a0\u00a0\u00a0\u00a0\u00a0\u00a0\u00a0\u00a0\u00a0\u00a0\u00a0\u00a0\u00a0\u00a0\u00a0\u00a0\u00a0\u00a0\u00a0\u00a0\u00a0\u00a0\u00a0\u00a0\u00a0\u00a0\u00a0 une nouvelle cuisine et des toilettes handicap\u00e9s sont en train d\u2019\u00eatre r\u00e9alis\u00e9s.\u00a0\u00a0\u00a0\u00a0\u00a0\u00a0\u00a0\u00a0\u00a0\u00a0\u00a0\u00a0\u00a0\u00a0\u00a0\u00a0\u00a0\u00a0\u00a0\u00a0\u00a0\u00a0\u00a0\u00a0\u00a0\u00a0\u00a0\u00a0\u00a0\u00a0\u00a0\u00a0\u00a0\u00a0\u00a0\u00a0\u00a0\u00a0\u00a0\u00a0\u00a0\u00a0\u00a0\u00a0\u00a0\u00a0\u00a0\u00a0\u00a0\u00a0\u00a0\u00a0\u00a0\u00a0\u00a0\u00a0\u00a0\u00a0\u00a0\u00a0\u00a0\u00a0\u00a0\u00a0\u00a0\u00a0\u00a0\u00a0\u00a0\u00a0\u00a0\u00a0\u00a0\u00a0\u00a0\u00a0\u00a0\u00a0\u00a0\u00a0\u00a0\u00a0\u00a0\u00a0\u00a0\u00a0\u00a0\u00a0\u00a0\u00a0\u00a0\u00a0\u00a0\u00a0\u00a0\u00a0\u00a0\u00a0\u00a0\u00a0\u00a0\u00a0\u00a0\u00a0\u00a0\u00a0\u00a0\u00a0\u00a0\u00a0\u00a0\u00a0\u00a0\u00a0\u00a0\u00a0\u00a0\u00a0\u00a0\u00a0\u00a0\u00a0\u00a0\u00a0\u00a0\u00a0\u00a0\u00a0\u00a0\u00a0\u00a0\u00a0\u00a0\u00a0\u00a0 \u00a0 \u00a0 \u00a0 \u00a0 \u00a0 \u00a0\u00a0 \u00a0 <strong>&#8211; Am\u00e9nagement de bancs :<\/strong><br \/>\n5 bancs seront install\u00e9s sur la commune et ses hameaux ainsi qu\u2019une zone de compostage entre la rue Rapaudi\u00e8re et l\u2019all\u00e9e des peupliers sur le terrain de foot.\u00a0\u00a0\u00a0\u00a0\u00a0\u00a0\u00a0\u00a0\u00a0\u00a0\u00a0\u00a0\u00a0\u00a0\u00a0\u00a0\u00a0\u00a0\u00a0\u00a0\u00a0\u00a0\u00a0\u00a0\u00a0\u00a0\u00a0\u00a0\u00a0\u00a0\u00a0\u00a0\u00a0\u00a0\u00a0\u00a0\u00a0 \u00a0 \u00a0 <strong>&#8211; Travaux de plantations dans la commune :<\/strong><br \/>\nLes travaux de plantation commenc\u00e9s dans le village l\u2019ann\u00e9e derni\u00e8re se poursuivent ; des plantes grimpantes et des arbustes de haie champ\u00eatre seront install\u00e9s autour du tri s\u00e9lectif afin d\u2019am\u00e9liore l\u2019aspect peu esth\u00e9tique des cloisons de bois vieillissantes.<br \/>\nLe fleurissement des entr\u00e9es du village et de ses hameaux sera renforc\u00e9 et d\u00e9limit\u00e9 par de petits soubassements en noisetier tress\u00e9.<br \/>\nLa commune sera inscrite au concours des villages fleuris pour 2016.\u00a0\u00a0\u00a0\u00a0\u00a0\u00a0\u00a0\u00a0\u00a0\u00a0\u00a0\u00a0\u00a0\u00a0\u00a0\u00a0\u00a0\u00a0\u00a0\u00a0\u00a0\u00a0\u00a0\u00a0\u00a0\u00a0\u00a0\u00a0\u00a0\u00a0\u00a0\u00a0\u00a0\u00a0\u00a0\u00a0\u00a0\u00a0\u00a0\u00a0 &#8211; <strong>Destruction et nettoyage de l\u2019ancien d\u00e9p\u00f4t situ\u00e9 \u00e0 l\u2019ancien terrain de football.<\/strong> Il est d\u00e9finitivement ferm\u00e9.<br \/>\n<strong>Rappel :<\/strong> tout d\u00e9p\u00f4t sauvage y est strictement interdit sous peine d\u2019amende.<br \/>\n(D\u00e9chetterie communautaire bas\u00e9e \u00e0 la ZAC des Croisettes).\u00a0\u00a0\u00a0\u00a0\u00a0\u00a0\u00a0\u00a0\u00a0\u00a0\u00a0\u00a0\u00a0\u00a0\u00a0\u00a0\u00a0\u00a0\u00a0\u00a0\u00a0\u00a0\u00a0\u00a0\u00a0\u00a0\u00a0\u00a0\u00a0\u00a0\u00a0\u00a0\u00a0\u00a0\u00a0\u00a0\u00a0\u00a0\u00a0\u00a0\u00a0\u00a0\u00a0\u00a0\u00a0\u00a0\u00a0\u00a0\u00a0\u00a0\u00a0\u00a0\u00a0\u00a0\u00a0 <strong>&#8211; Atlas paysager et patrimonial :<\/strong><br \/>\nLe village de Toeufles , s\u00e9lectionn\u00e9 parmi les villages remarquables de Picardie maritime, a fait l\u2019objet d\u2019une \u00e9tude d\u2019inventaire du patrimoine pilot\u00e9e par Marion Bonvarlet pour \u00eatre inscrit dans l\u2019atlas paysager et patrimonial dans le cadre du projet Baie de Somme 3 vall\u00e9es pour la cr\u00e9ation du futur parc naturel r\u00e9gional Picardie Maritime (PNR).Ce livret est en cours d\u2019impression.<\/p>\n<p style=\"text-align: center;\"><em><strong>Projets \u00e0 venir :<\/strong><\/em><\/p>\n<p><strong>&#8211; Travaux de voirie :<\/strong>\u00a0\u00a0\u00a0\u00a0\u00a0\u00a0\u00a0\u00a0\u00a0\u00a0\u00a0\u00a0\u00a0\u00a0\u00a0\u00a0\u00a0\u00a0\u00a0\u00a0\u00a0\u00a0\u00a0\u00a0\u00a0\u00a0\u00a0\u00a0\u00a0\u00a0\u00a0\u00a0\u00a0\u00a0\u00a0\u00a0\u00a0\u00a0\u00a0\u00a0\u00a0\u00a0\u00a0\u00a0\u00a0\u00a0\u00a0\u00a0\u00a0\u00a0\u00a0\u00a0\u00a0\u00a0\u00a0\u00a0\u00a0\u00a0\u00a0\u00a0\u00a0\u00a0\u00a0\u00a0\u00a0\u00a0\u00a0\u00a0\u00a0\u00a0\u00a0\u00a0\u00a0\u00a0\u00a0\u00a0\u00a0\u00a0\u00a0\u00a0\u00a0\u00a0\u00a0\u00a0\u00a0\u00a0\u00a0\u00a0\u00a0\u00a0\u00a0\u00a0\u00a0\u00a0\u00a0\u00a0\u00a0\u00a0\u00a0\u00a0\u00a0\u00a0\u00a0\u00a0\u00a0\u00a0\u00a0\u00a0\u00a0\u00a0\u00a0\u00a0\u00a0\u00a0\u00a0\u00a0\u00a0 Des travaux vont \u00eatre effectu\u00e9s par la CCVV dans la rue Rapaudi\u00e8re et la rue Hallet.<br \/>\nDes travaux concernant la rue Boutroy \u00e0 Chaussoy afin d\u2019\u00e9viter les permanentes coul\u00e9es de boue sont en train d\u2019\u00eatre analys\u00e9s par la CCVV.<br \/>\n<strong>&#8211; Mur arri\u00e8re de la salle des f\u00eates :<\/strong>\u00a0\u00a0\u00a0\u00a0\u00a0\u00a0\u00a0\u00a0\u00a0\u00a0\u00a0\u00a0\u00a0\u00a0\u00a0\u00a0\u00a0\u00a0\u00a0\u00a0\u00a0\u00a0\u00a0\u00a0\u00a0\u00a0\u00a0\u00a0\u00a0\u00a0\u00a0\u00a0\u00a0\u00a0\u00a0\u00a0\u00a0\u00a0\u00a0\u00a0\u00a0\u00a0\u00a0\u00a0\u00a0\u00a0\u00a0\u00a0\u00a0\u00a0\u00a0\u00a0\u00a0\u00a0\u00a0\u00a0\u00a0\u00a0\u00a0\u00a0\u00a0\u00a0\u00a0\u00a0\u00a0\u00a0\u00a0\u00a0\u00a0\u00a0\u00a0\u00a0\u00a0\u00a0\u00a0\u00a0\u00a0\u00a0\u00a0\u00a0\u00a0\u00a0\u00a0\u00a0\u00a0 Apr\u00e8s plusieurs \u00e9changes, il est d\u00e9cid\u00e9 que le mur sera fait avec un enduit de deux couleurs jusqu\u2019en bas du mur.\u00a0\u00a0\u00a0\u00a0\u00a0\u00a0\u00a0\u00a0\u00a0\u00a0\u00a0\u00a0\u00a0\u00a0\u00a0\u00a0\u00a0\u00a0\u00a0\u00a0\u00a0\u00a0\u00a0\u00a0\u00a0\u00a0\u00a0\u00a0\u00a0\u00a0\u00a0\u00a0\u00a0\u00a0\u00a0\u00a0\u00a0\u00a0\u00a0\u00a0\u00a0\u00a0\u00a0\u00a0\u00a0\u00a0\u00a0\u00a0\u00a0\u00a0\u00a0\u00a0\u00a0\u00a0\u00a0\u00a0\u00a0\u00a0\u00a0\u00a0\u00a0\u00a0\u00a0\u00a0\u00a0\u00a0\u00a0\u00a0\u00a0\u00a0\u00a0\u00a0\u00a0\u00a0\u00a0\u00a0\u00a0\u00a0\u00a0\u00a0\u00a0\u00a0\u00a0\u00a0\u00a0\u00a0\u00a0\u00a0\u00a0\u00a0\u00a0\u00a0\u00a0\u00a0\u00a0\u00a0\u00a0\u00a0\u00a0\u00a0\u00a0\u00a0\u00a0\u00a0\u00a0\u00a0\u00a0\u00a0\u00a0\u00a0\u00a0\u00a0\u00a0\u00a0\u00a0\u00a0\u00a0\u00a0\u00a0\u00a0\u00a0\u00a0\u00a0\u00a0\u00a0\u00a0 <strong>&#8211; Am\u00e9nagement d\u2019un jardin de souvenir dans le cimeti\u00e8re :<\/strong><br \/>\nDans le cimeti\u00e8re, le projet d\u2019am\u00e9nagement d\u2019un jardin de souvenir avec l\u2019\u2019implantation d\u2019urnes et de cave urnes est en train d\u2019\u00eatre analys\u00e9 afin que les personnes souhaitant \u00eatre incin\u00e9r\u00e9es puissent disposer d\u2019un lieu appropri\u00e9 avec un am\u00e9nagement v\u00e9g\u00e9tal et min\u00e9ral de cet espace propice au recueillement.<\/p>\n<p><strong>&#8211; Am\u00e9nagement d&rsquo;une nouvelle mairie afin d&rsquo;avoir un local d\u00e9di\u00e9 aux archives, plus de place et de rangements, un meilleur acc\u00e8s aux personnes \u00e0 mobilit\u00e9 r\u00e9duite et un stationnement facilit\u00e9.<\/strong><\/p>\n","protected":false},"excerpt":{"rendered":"<p>Projets 2018 \u00a0Samedi 23 juin : Inauguration de la\u00a0 nouvelle mairie ainsi que le logement communal qui lui est attenant. Projets en cours de r\u00e9alisation: &#8211; Remplacement des bras de lampadaires : (d\u00e9cembre 2015)\u00a0\u00a0\u00a0\u00a0\u00a0\u00a0\u00a0\u00a0\u00a0\u00a0\u00a0\u00a0\u00a0\u00a0\u00a0\u00a0\u00a0\u00a0\u00a0\u00a0\u00a0\u00a0\u00a0\u00a0\u00a0\u00a0\u00a0\u00a0\u00a0\u00a0\u00a0\u00a0\u00a0\u00a0\u00a0\u00a0\u00a0\u00a0\u00a0\u00a0\u00a0\u00a0 les travaux de remplacement des bras &hellip; <a href=\"https:\/\/www.communedetoeufles.fr\/?page_id=271\">Continuer la lecture <span class=\"meta-nav\">&rarr;<\/span><\/a><\/p>\n","protected":false},"author":1,"featured_media":0,"parent":0,"menu_order":0,"comment_status":"closed","ping_status":"closed","template":"","meta":{"footnotes":""},"class_list":["post-271","page","type-page","status-publish","hentry"],"_links":{"self":[{"href":"https:\/\/www.communedetoeufles.fr\/index.php?rest_route=\/wp\/v2\/pages\/271","targetHints":{"allow":["GET"]}}],"collection":[{"href":"https:\/\/www.communedetoeufles.fr\/index.php?rest_route=\/wp\/v2\/pages"}],"about":[{"href":"https:\/\/www.communedetoeufles.fr\/index.php?rest_route=\/wp\/v2\/types\/page"}],"author":[{"embeddable":true,"href":"https:\/\/www.communedetoeufles.fr\/index.php?rest_route=\/wp\/v2\/users\/1"}],"replies":[{"embeddable":true,"href":"https:\/\/www.communedetoeufles.fr\/index.php?rest_route=%2Fwp%2Fv2%2Fcomments&post=271"}],"version-history":[{"count":8,"href":"https:\/\/www.communedetoeufles.fr\/index.php?rest_route=\/wp\/v2\/pages\/271\/revisions"}],"predecessor-version":[{"id":872,"href":"https:\/\/www.communedetoeufles.fr\/index.php?rest_route=\/wp\/v2\/pages\/271\/revisions\/872"}],"wp:attachment":[{"href":"https:\/\/www.communedetoeufles.fr\/index.php?rest_route=%2Fwp%2Fv2%2Fmedia&parent=271"}],"curies":[{"name":"wp","href":"https:\/\/api.w.org\/{rel}","templated":true}]}}