{"id":280,"date":"2015-10-04T21:33:04","date_gmt":"2015-10-04T20:33:04","guid":{"rendered":"http:\/\/www.communedetoeufles.fr\/?page_id=280"},"modified":"2015-10-09T21:07:51","modified_gmt":"2015-10-09T20:07:51","slug":"securite-routiere","status":"publish","type":"page","link":"https:\/\/www.communedetoeufles.fr\/?page_id=280","title":{"rendered":"S\u00e9curit\u00e9 routi\u00e8re"},"content":{"rendered":"<p>Des passages pi\u00e9tons et des panneaux avertisseurs ont \u00e9t\u00e9 mis devant les arr\u00eats de bus<\/p>\n<p><a href=\"https:\/\/www.communedetoeufles.fr\/wp-content\/uploads\/PIETONP.jpg\"><img loading=\"lazy\" decoding=\"async\" class=\"alignnone size-medium wp-image-283\" src=\"https:\/\/www.communedetoeufles.fr\/wp-content\/uploads\/PIETONP-300x177.jpg\" alt=\"PIETONP\" width=\"300\" height=\"177\" srcset=\"https:\/\/www.communedetoeufles.fr\/wp-content\/uploads\/PIETONP-300x177.jpg 300w, https:\/\/www.communedetoeufles.fr\/wp-content\/uploads\/PIETONP-1024x605.jpg 1024w, https:\/\/www.communedetoeufles.fr\/wp-content\/uploads\/PIETONP.jpg 1193w\" sizes=\"auto, (max-width: 300px) 100vw, 300px\" \/><\/a><\/p>\n<p>Des panneaux de signalisation ont \u00e9t\u00e9 dessin\u00e9s par les \u00e9l\u00e8ves de l&rsquo;\u00e9cole de Toeufles<\/p>\n<p><a href=\"https:\/\/www.communedetoeufles.fr\/wp-content\/uploads\/panneaux-de-ralentp.jpg\"><img loading=\"lazy\" decoding=\"async\" class=\"alignnone size-medium wp-image-371\" src=\"https:\/\/www.communedetoeufles.fr\/wp-content\/uploads\/panneaux-de-ralentp-264x300.jpg\" alt=\"panneaux de ralentp\" width=\"264\" height=\"300\" srcset=\"https:\/\/www.communedetoeufles.fr\/wp-content\/uploads\/panneaux-de-ralentp-264x300.jpg 264w, https:\/\/www.communedetoeufles.fr\/wp-content\/uploads\/panneaux-de-ralentp-901x1024.jpg 901w, https:\/\/www.communedetoeufles.fr\/wp-content\/uploads\/panneaux-de-ralentp.jpg 1126w\" sizes=\"auto, (max-width: 264px) 100vw, 264px\" \/><\/a><\/p>\n","protected":false},"excerpt":{"rendered":"<p>Des passages pi\u00e9tons et des panneaux avertisseurs ont \u00e9t\u00e9 mis devant les arr\u00eats de bus Des panneaux de signalisation ont \u00e9t\u00e9 dessin\u00e9s par les \u00e9l\u00e8ves de l&rsquo;\u00e9cole de Toeufles<\/p>\n","protected":false},"author":1,"featured_media":0,"parent":0,"menu_order":0,"comment_status":"closed","ping_status":"closed","template":"","meta":{"footnotes":""},"class_list":["post-280","page","type-page","status-publish","hentry"],"_links":{"self":[{"href":"https:\/\/www.communedetoeufles.fr\/index.php?rest_route=\/wp\/v2\/pages\/280","targetHints":{"allow":["GET"]}}],"collection":[{"href":"https:\/\/www.communedetoeufles.fr\/index.php?rest_route=\/wp\/v2\/pages"}],"about":[{"href":"https:\/\/www.communedetoeufles.fr\/index.php?rest_route=\/wp\/v2\/types\/page"}],"author":[{"embeddable":true,"href":"https:\/\/www.communedetoeufles.fr\/index.php?rest_route=\/wp\/v2\/users\/1"}],"replies":[{"embeddable":true,"href":"https:\/\/www.communedetoeufles.fr\/index.php?rest_route=%2Fwp%2Fv2%2Fcomments&post=280"}],"version-history":[{"count":4,"href":"https:\/\/www.communedetoeufles.fr\/index.php?rest_route=\/wp\/v2\/pages\/280\/revisions"}],"predecessor-version":[{"id":373,"href":"https:\/\/www.communedetoeufles.fr\/index.php?rest_route=\/wp\/v2\/pages\/280\/revisions\/373"}],"wp:attachment":[{"href":"https:\/\/www.communedetoeufles.fr\/index.php?rest_route=%2Fwp%2Fv2%2Fmedia&parent=280"}],"curies":[{"name":"wp","href":"https:\/\/api.w.org\/{rel}","templated":true}]}}