{"id":351,"date":"2015-10-05T21:41:36","date_gmt":"2015-10-05T20:41:36","guid":{"rendered":"http:\/\/www.communedetoeufles.fr\/?page_id=351"},"modified":"2015-10-05T21:43:58","modified_gmt":"2015-10-05T20:43:58","slug":"recensement-militaire","status":"publish","type":"page","link":"https:\/\/www.communedetoeufles.fr\/?page_id=351","title":{"rendered":"Recensement militaire"},"content":{"rendered":"<p>Les jeunes filles et gar\u00e7ons d\u00e8s 16 ans doivent se pr\u00e9senter \u00e0 la mairie pour se faire inscrire sur la liste de recensement du service national<\/p>\n<p>Cette d\u00e9marche est obligatoire<\/p>\n","protected":false},"excerpt":{"rendered":"<p>Les jeunes filles et gar\u00e7ons d\u00e8s 16 ans doivent se pr\u00e9senter \u00e0 la mairie pour se faire inscrire sur la liste de recensement du service national Cette d\u00e9marche est obligatoire<\/p>\n","protected":false},"author":1,"featured_media":0,"parent":0,"menu_order":0,"comment_status":"closed","ping_status":"closed","template":"","meta":{"footnotes":""},"class_list":["post-351","page","type-page","status-publish","hentry"],"_links":{"self":[{"href":"https:\/\/www.communedetoeufles.fr\/index.php?rest_route=\/wp\/v2\/pages\/351","targetHints":{"allow":["GET"]}}],"collection":[{"href":"https:\/\/www.communedetoeufles.fr\/index.php?rest_route=\/wp\/v2\/pages"}],"about":[{"href":"https:\/\/www.communedetoeufles.fr\/index.php?rest_route=\/wp\/v2\/types\/page"}],"author":[{"embeddable":true,"href":"https:\/\/www.communedetoeufles.fr\/index.php?rest_route=\/wp\/v2\/users\/1"}],"replies":[{"embeddable":true,"href":"https:\/\/www.communedetoeufles.fr\/index.php?rest_route=%2Fwp%2Fv2%2Fcomments&post=351"}],"version-history":[{"count":3,"href":"https:\/\/www.communedetoeufles.fr\/index.php?rest_route=\/wp\/v2\/pages\/351\/revisions"}],"predecessor-version":[{"id":354,"href":"https:\/\/www.communedetoeufles.fr\/index.php?rest_route=\/wp\/v2\/pages\/351\/revisions\/354"}],"wp:attachment":[{"href":"https:\/\/www.communedetoeufles.fr\/index.php?rest_route=%2Fwp%2Fv2%2Fmedia&parent=351"}],"curies":[{"name":"wp","href":"https:\/\/api.w.org\/{rel}","templated":true}]}}