{"id":472,"date":"2015-12-12T22:41:19","date_gmt":"2015-12-12T21:41:19","guid":{"rendered":"http:\/\/www.communedetoeufles.fr\/?page_id=472"},"modified":"2018-01-08T18:07:05","modified_gmt":"2018-01-08T17:07:05","slug":"carte-didentite","status":"publish","type":"page","link":"https:\/\/www.communedetoeufles.fr\/?page_id=472","title":{"rendered":"Carte d&rsquo;identit\u00e9"},"content":{"rendered":"<p style=\"text-align: left;\"><strong>Carte d\u2019identit\u00e9<\/strong><\/p>\n<p>Toute demande ou tout renouv\u00e8lement de la carte d\u2019identit\u00e9 nationale doit se faire d\u2019abord sur internet\u00a0 (pr\u00e9-demande sur <strong>https \/\/www.service-public.fr\/carte d&rsquo;identit\u00e9 \u00a0<\/strong>puis dans l\u2019une des mairies \u00e9quip\u00e9e du dispositif\u00a0:<\/p>\n<p><a href=\"http:\/\/https \/\/www.service-public.fr\/carte d'identit\u00e9\">http:\/\/https \/\/www.service-public.fr\/carte d&rsquo;identit\u00e9<\/a><\/p>\n<p><a href=\"http:\/\/www.abbeville.fr\/56-actualites-en-bref\/704-nouveau-la-carte-d-identite-a-portee-de-clic.html\"><strong>La carte d&rsquo;identit\u00e9 \u00e0 port\u00e9e de clic !<\/strong><\/a><\/p>\n<p>Toute demande de carte nationale d\u2019identit\u00e9 (CNI) doit s\u2019effectuer prioritairement en ligne.<\/p>\n<p>L\u2019usager doit effectuer sa demande de carte nationale d\u2019identit\u00e9 uniquement aupr\u00e8s des mairies \u00e9quip\u00e9es du dispositif de recueil. 16 communes sont \u00e9quip\u00e9es de ce dispositif dans la Somme, dont Abbeville.<\/p>\n<p>Pour faire une demande de carte d\u2019identit\u00e9 (ou de passeport biom\u00e9trique)\u00a0:<\/p>\n<p>Enregistrer sa demande depuis son domicile via le service de pr\u00e9-demande en ligne disponible sur le site Internet de l\u2019<a href=\"https:\/\/ants.gouv.fr\/monespace\/s-inscrire\">Agence Nationale des Titres S\u00e9curis\u00e9s<\/a>\u00a0(ANTS).<\/p>\n<p>Un num\u00e9ro de pr\u00e9-demande est attribu\u00e9 \u00e0 l\u2019usager. Il lui permet de cr\u00e9er son compte sur le site et de remplir le formulaire en ligne (r\u00e8glement par Internet).<\/p>\n<p>Se rendre ensuite \u00e0 la mairie avec sa pr\u00e9-demande imprim\u00e9e qui permettra \u00e0 l\u2019agent au guichet de r\u00e9cup\u00e9rer les informations enregistr\u00e9es en ligne.<\/p>\n<ul>\n<li>Adulte et enfants \u00e0 partir de 12 ans : pr\u00e9sence obligatoire lors du d\u00e9p\u00f4t de la demande (relev\u00e9 d\u2019empreinte) et du retrait.<\/li>\n<li>Enfants de moins de 12 ans\u00a0: pr\u00e9sence obligatoire (pas de relev\u00e9 d\u2019empreinte) au d\u00e9p\u00f4t et au retrait.<\/li>\n<\/ul>\n<p>La remise de la carte nationale d\u2019identit\u00e9 s\u2019effectue aupr\u00e8s de la mairie de d\u00e9p\u00f4t de la demande.<\/p>\n<p>Les demandes de carte nationale d&rsquo;identit\u00e9 et passeport peuvent se faire \u00e9galement sur\u00a0<a href=\"https:\/\/franceconnect.gouv.fr\/\">FranceConnect<\/a>\u00a0avec son num\u00e9ro de t\u00e9l\u00e9d\u00e9clarant d&rsquo;imp\u00f4t, son compte Am\u00e9lie et sur\u00a0<a href=\"https:\/\/www.idn.laposte.fr\/\">idn.laposte.fr<\/a><\/p>\n<p>&nbsp;<\/p>\n<p><strong>Liste des 16 mairies \u00e9quip\u00e9es de ce dispositif dans le d\u00e9partement de la Somme\u00a0: <\/strong><\/p>\n<ul>\n<li><strong>ABBEVILLE<\/strong>1 place Max Lejeune 80100 Abbeville<\/li>\n<li><strong>AILLY-SUR-NOYE<\/strong>32 rue Pellieux 80250 Ailly-sur-Noye<\/li>\n<li><strong>ALBERT<\/strong>Place Emile Leturcq 80300 Albert<\/li>\n<li><strong>AMIENS Secteur Centre H\u00f4tel de ville<\/strong>Place de l\u2019H\u00f4tel de ville<\/li>\n<li><strong>AMIENS Secteur Est Jules Ferry<\/strong>166 chauss\u00e9e Jules Ferry<\/li>\n<li><strong>AMIENS Secteur Nord Atrium<\/strong>39 avenue de la Paix<\/li>\n<li><strong>AMIENS Secteur Ouest Les Coursives<\/strong>1 D place du Pays d\u2019Auge<\/li>\n<li><strong>AMIENS Secteur Sud Pierre Rollin<\/strong>Centre commercial Pierre Rollin<\/li>\n<li><strong>CORBIE<\/strong>1 rue Faidherbe 80800 Corbie<\/li>\n<li><strong>DOULLENS<\/strong>2 avenue du Mar\u00e9chal Foch 80600 Doullens<\/li>\n<li><strong>FLIXECOURT<\/strong>35 rue Roger Godard 80420 Flixecourt<\/li>\n<li><strong>FRIVILLE-ESCARBOTIN<\/strong>50 place Jean Jaur\u00e8s 80130 Friville-Escarbotin<\/li>\n<li><strong>GAMACHES<\/strong>Place du Mar\u00e9chal Leclerc 80220 Gamaches<\/li>\n<li><strong>HAM<\/strong>7 place de l&rsquo;h\u00f4tel de ville 80400 Ham<\/li>\n<li><strong>MONTDIDIER<\/strong>Police Municipale rue Jean Dupuy 80500 Montdidier<\/li>\n<li><strong>P\u00c9RONNE<\/strong>Place du commandant Louis Daudre 80200 P\u00e9ronne<\/li>\n<li><strong>POIX-DE-PICARDIE<\/strong>Rue du Dr Barbier 80290 Poix-de-Picardie<\/li>\n<li><strong>ROYE<\/strong>Place de l&rsquo;h\u00f4tel de ville 80700 Roye<\/li>\n<li><strong>RUE<\/strong>3 rue Ernest Dumont 80120 Rue<\/li>\n<li><strong>SAINT-VALERY-SUR-SOMME<\/strong>19 place Saint Martin 80230 Saint-Valery-sur-Somme<\/li>\n<\/ul>\n","protected":false},"excerpt":{"rendered":"<p>Carte d\u2019identit\u00e9 Toute demande ou tout renouv\u00e8lement de la carte d\u2019identit\u00e9 nationale doit se faire d\u2019abord sur internet\u00a0 (pr\u00e9-demande sur https \/\/www.service-public.fr\/carte d&rsquo;identit\u00e9 \u00a0puis dans l\u2019une des mairies \u00e9quip\u00e9e du dispositif\u00a0: http:\/\/https \/\/www.service-public.fr\/carte d&rsquo;identit\u00e9 La carte d&rsquo;identit\u00e9 \u00e0 port\u00e9e de &hellip; <a href=\"https:\/\/www.communedetoeufles.fr\/?page_id=472\">Continuer la lecture <span class=\"meta-nav\">&rarr;<\/span><\/a><\/p>\n","protected":false},"author":1,"featured_media":0,"parent":0,"menu_order":0,"comment_status":"closed","ping_status":"closed","template":"","meta":{"footnotes":""},"class_list":["post-472","page","type-page","status-publish","hentry"],"_links":{"self":[{"href":"https:\/\/www.communedetoeufles.fr\/index.php?rest_route=\/wp\/v2\/pages\/472","targetHints":{"allow":["GET"]}}],"collection":[{"href":"https:\/\/www.communedetoeufles.fr\/index.php?rest_route=\/wp\/v2\/pages"}],"about":[{"href":"https:\/\/www.communedetoeufles.fr\/index.php?rest_route=\/wp\/v2\/types\/page"}],"author":[{"embeddable":true,"href":"https:\/\/www.communedetoeufles.fr\/index.php?rest_route=\/wp\/v2\/users\/1"}],"replies":[{"embeddable":true,"href":"https:\/\/www.communedetoeufles.fr\/index.php?rest_route=%2Fwp%2Fv2%2Fcomments&post=472"}],"version-history":[{"count":4,"href":"https:\/\/www.communedetoeufles.fr\/index.php?rest_route=\/wp\/v2\/pages\/472\/revisions"}],"predecessor-version":[{"id":600,"href":"https:\/\/www.communedetoeufles.fr\/index.php?rest_route=\/wp\/v2\/pages\/472\/revisions\/600"}],"wp:attachment":[{"href":"https:\/\/www.communedetoeufles.fr\/index.php?rest_route=%2Fwp%2Fv2%2Fmedia&parent=472"}],"curies":[{"name":"wp","href":"https:\/\/api.w.org\/{rel}","templated":true}]}}