{"id":59,"date":"2015-09-24T21:54:50","date_gmt":"2015-09-24T20:54:50","guid":{"rendered":"http:\/\/www.communedetoeufles.fr\/?page_id=59"},"modified":"2018-03-20T15:38:26","modified_gmt":"2018-03-20T14:38:26","slug":"tourisme","status":"publish","type":"page","link":"https:\/\/www.communedetoeufles.fr\/?page_id=59","title":{"rendered":"Tourisme"},"content":{"rendered":"<div class=\"row\">\n<div class=\"col-lg-7\">\n<p class=\"hidden-xs hidden-sm\"><b>\u00a0D\u00e9couvrez la commune de Toeufles , <\/b><em><b>\u00a0au c\u0153ur\u00a0de la vall\u00e9e de la Trie\u00a0<\/b><\/em><b>situ\u00e9e dans le d\u00e9partement de la Somme,\u00a0 \u00e0 46 km d&rsquo; Amiens, \u00e0 10 km d&rsquo;Abbeville et \u00e0 15 km de la Baie de Somme, ainsi que la gastronomie picarde et les nombreuses activit\u00e9s propos\u00e9<\/b><strong>es aux <span style=\"color: #000000;\">alentours<\/span>\u00a0de la commune.\u00a0 \u00a0 \u00a0 \u00a0 \u00a0 \u00a0 \u00a0 \u00a0 \u00a0 \u00a0 \u00a0 \u00a0 \u00a0 \u00a0 \u00a0<\/strong><b>\u00a0<\/b><\/p>\n<p><img decoding=\"async\" src=\"https:\/\/image.jimcdn.com\/app\/cms\/image\/transf\/dimension=519x10000:format=jpg\/path\/s7f43242965d069de\/image\/iae12dcf5c14bd337\/version\/1438190526\/gr-125-somme-picardie.jpg\" alt=\"GR 125 - Somme - Picardie\" \/><\/p>\n<\/div>\n<\/div>\n<p><strong>A travers la randonn\u00e9e et la visite de son patrimoine:\u00a0<\/strong><\/p>\n<ul>\n<li>L&rsquo;\u00e9glise Saint Val\u00e9ry du XII\u00e8 si\u00e8cle class\u00e9e.<\/li>\n<li>Le GR 125 &#8211; Somme &#8211; Picardie\u00a0<em>\u00a0 qui, sur 260 km, relie Magny en Vexin \u00e0 Saint Valery sur Somme, passe dans le hameau de Chaussoy dans la commune de Toeufles ; cette partie du chemin de randonn\u00e9e \u00e0 la d\u00e9couverte \u00a0du Vimeu vert, est praticable \u00e0 pied, \u00e0 cheval ou en VTT .<\/em><\/li>\n<li>Le\u00a0Circuit des Croix de tuf.<\/li>\n<\/ul>\n<p>&nbsp;<\/p>\n<p><strong>A d\u00e9couvrir \u00e9galement \u00e0 proximit\u00e9 de Toeufles:<\/strong><\/p>\n<ul>\n<li><a href=\"https:\/\/ville-data.com\/tourisme\/Bateau-de-promenade-La-Somme-II\/activiteloisir\/80230\/Saint-Valery-sur-Somme\/80\/38\/80721\">\u00a0Le Bateau de promenade La Somme II<\/a>\u00a0\u00e0\u00a0<a href=\"https:\/\/ville-data.com\/tourisme\/Saint-Valery-sur-Somme-80-80721\">Saint-valery-sur-somme<\/a>\u00a0(14,9km du centre de Toeufles).<\/li>\n<li>Les\u00a0 \u00a0<a href=\"http:\/\/www.promenade-en-baie.com\/Les_phoques_au_Hourdel.html\">promenades-en-baie de Somme.\/Les_phoques_au_Hourdel.<\/a><\/li>\n<li class=\"r\"><a href=\"https:\/\/www.somme-tourisme.com\/la-baie-de-somme\/le-chemin-de-fer-de-la-baie-de-somme-voyage-dantan\">L&rsquo;authentique train \u00e0 vapeur de la baie de Somme | www.somme<\/a><\/li>\n<li class=\"r\"><a style=\"font-size: 16px;\" href=\"https:\/\/ville-data.com\/tourisme\/Atelier-File-Soie\/activiteloisir\/80230\/Saint-Valery-sur-Somme\/80\/25\/80721\">\u00a0L&rsquo;Atelier Fil(\u00e9) Soie<\/a><span style=\"font-size: 16px;\">\u00a0\u00e0\u00a0<\/span><a style=\"font-size: 16px;\" href=\"https:\/\/ville-data.com\/tourisme\/Saint-Valery-sur-Somme-80-80721\">Saint-Valery-sur-Somme<\/a><span style=\"font-size: 16px;\">\u00a0.<\/span><\/li>\n<li><a href=\"https:\/\/ville-data.com\/parc\/Herbarium-Des-Remparts-80230\/Saint-Valery-sur-Somme\/80-1783-80721\">L&rsquo;Herbarium Des Remparts<\/a>\u00a0\u00e0\u00a0<a href=\"https:\/\/ville-data.com\/tourisme\/Saint-Valery-sur-Somme-80-80721\">Saint-Valery-sur-Somme<\/a><\/li>\n<li class=\"r\"><a style=\"font-size: 16px;\" href=\"https:\/\/ville-data.com\/tourisme\/Le-Funiculaire\/activiteloisir\/76470\/Le-Treport\/76\/102\/76711\">\u00a0Le Funiculaire<\/a><span style=\"font-size: 16px;\">\u00a0au\u00a0<\/span><a style=\"font-size: 16px;\" href=\"https:\/\/ville-data.com\/tourisme\/Le-Treport-76-76711\">\u00a0Tr\u00e9port<\/a><span style=\"font-size: 16px;\">\u00a0(25,0km du centre de Toeufles).<\/span><\/li>\n<li><a href=\"https:\/\/ville-data.com\/parc\/Domaine-Du-Chateau-De-Rambures-80140\/Rambures\/80-1780-80663\">Le Ch\u00e2teau De Rambures<\/a>\u00a0ainsi que son parc et sa roseraie \u00e0\u00a0\u00a0<a href=\"https:\/\/ville-data.com\/tourisme\/Rambures-80-80663\">Rambures<\/a>\u00a0\u00a0(13,5km du centre de Toeufles).<\/li>\n<li><a href=\"https:\/\/ville-data.com\/musee\/Musee-Boucher-de-Perthes\/Abbeville-80-80001\/1092\">\u00a0Le Mus\u00e9e Boucher-de-Perthes<\/a>\u00a0\u00e0\u00a0<a href=\"https:\/\/ville-data.com\/tourisme\/Abbeville-80-80001\">Abbeville, la Coll\u00e9giale Saint Vulfran, le Beffroi,\u00a0 \u00a0 \u00a0 \u00a0 \u00a0 \u00a0 l&rsquo; Eglise du Saint S\u00e9pulcre et ses vitraux\u00a0 d&rsquo;Alfred Manessier et le Beffroi\u00a0\u00a0\u00a0<\/a>(9,6km du centre de Toeufles).<\/li>\n<li><a href=\"https:\/\/ville-data.com\/parc\/Parc-D-Emonville-Et-Les-Jardins-Du-Carmel-80100\/Abbeville\/80-2543-80001\">\u00a0Le Parc D&rsquo;Emonville et Les Jardins Du Carmel<\/a>\u00a0\u00e0\u00a0<a href=\"https:\/\/ville-data.com\/tourisme\/Abbeville-80-80001\">Abbeville.<\/a><\/li>\n<li><a href=\"https:\/\/ville-data.com\/tourisme\/Abbeville-80-80001\">le ch\u00e2teau de Bagatelle et son jardin \u00e0 Abbeville<\/a><\/li>\n<li><a href=\"https:\/\/ville-data.com\/musee\/Musee-departemental-de-l-Abbaye-de-Saint-Riquier\/Saint-Riquier-80-80716\/1333\">\u00a0L\u00a0\u00bbAbbaye de Saint-Riquier et son mus\u00e9e d\u00e9partemental<\/a>\u00a0\u00e0\u00a0<a href=\"https:\/\/ville-data.com\/tourisme\/Saint-Riquier-80-80716\">Saint Riquier<\/a>\u00a0(18,0km du centre de Toeufles).<\/li>\n<li><a href=\"https:\/\/ville-data.com\/parc\/Parc-Et-Jardin-Du-Chateau-D-Eu-76260\/Eu\/76-1660-76255\">\u00a0Le ch\u00e2teau d&rsquo;EU ,son Parc et Jardin , le<\/a>\u00a0<a href=\"https:\/\/ville-data.com\/musee\/Musee-Louis-Philippe-du-Chateau-d-Eu\/Eu-76-76255\/1012\">Mus\u00e9e Louis-Philippe du Ch\u00e2teau <\/a>\u00a0\u00e0\u00a0<a href=\"https:\/\/ville-data.com\/tourisme\/Eu-76-76255\">Eu<\/a>\u00a0(21,7km du centre de Toeufles).<\/li>\n<li>\u00a0L&rsquo;Abbaye\u00a0 et les Jardins de Valloire :\u00a0\u00a0<a href=\"https:\/\/www.abbaye-valloires.com\/.\"> https:\/\/www.abbaye-valloires.com\/.<\/a><\/li>\n<li>Le Moulin \u00e0 Vent d&rsquo;Eaucourt- Sur-Somme et les vestiges de son Ch\u00e2teau M\u00e9di\u00e9val.<\/li>\n<li><a href=\"https:\/\/ville-data.com\/parc\/Le-Jardin-Des-Abeilles-80140\/Grebault-Mesnil\/80-1781-80388\">Le Jardin Des Abeilles<\/a>\u00a0\u00e0\u00a0<a href=\"https:\/\/ville-data.com\/tourisme\/Grebault-Mesnil-80-80388\">Gr\u00e9bault-Mesnil<\/a>\u00a0(5,6km du centre de Toeufles).<\/li>\n<li><a href=\"https:\/\/ville-data.com\/parc\/Le-Jardin-Sauvage-80220\/Buigny-les-Gamaches\/80-1782-80148\">Le Jardin Sauvage<\/a>\u00a0\u00e0\u00a0<a href=\"https:\/\/ville-data.com\/tourisme\/Buigny-les-Gamaches-80-80148\">Buigny-l\u00e8s-Gamaches<\/a>\u00a0(11,7km du centre de Toeufles).<\/li>\n<li><a href=\"https:\/\/ville-data.com\/parc\/Chateau-De-Romesnil-76340\/Nesle-Normandeuse\/76-1661-76460\">Le Ch\u00e2teau De Romesnil<\/a>\u00a0\u00e0\u00a0<a href=\"https:\/\/ville-data.com\/tourisme\/Nesle-Normandeuse-76-76460\">Nesle-Normandeuse<\/a>\u00a0(18,0km du centre de Toeufles).<\/li>\n<li><a href=\"https:\/\/ville-data.com\/parc\/Jardins-De-Ly-80140\/Senarpont\/80-1779-80732\">\u00a0Les Jardins De Ly<\/a>\u00a0\u00e0\u00a0<a href=\"https:\/\/ville-data.com\/tourisme\/Senarpont-80-80732\">Senarpont<\/a>\u00a0(19,4km du centre de Toeufles).<\/li>\n<li><a href=\"https:\/\/ville-data.com\/parc\/Le-Pavillon-De-Fantaisie-80620\/Ribeaucourt\/80-1793-80671\">Le Pavillon De Fantaisie<\/a>\u00a0\u00e0\u00a0<a href=\"https:\/\/ville-data.com\/tourisme\/Ribeaucourt-80-80671\">Ribeaucourt<\/a>\u00a0(29,0km du centre de Toeufles).<\/li>\n<\/ul>\n<figure><figcaption><\/figcaption><\/figure>\n","protected":false},"excerpt":{"rendered":"<p>\u00a0D\u00e9couvrez la commune de Toeufles , \u00a0au c\u0153ur\u00a0de la vall\u00e9e de la Trie\u00a0situ\u00e9e dans le d\u00e9partement de la Somme,\u00a0 \u00e0 46 km d&rsquo; Amiens, \u00e0 10 km d&rsquo;Abbeville et \u00e0 15 km de la Baie de Somme, ainsi que la &hellip; <a href=\"https:\/\/www.communedetoeufles.fr\/?page_id=59\">Continuer la lecture <span class=\"meta-nav\">&rarr;<\/span><\/a><\/p>\n","protected":false},"author":1,"featured_media":0,"parent":0,"menu_order":0,"comment_status":"closed","ping_status":"closed","template":"","meta":{"footnotes":""},"class_list":["post-59","page","type-page","status-publish","hentry"],"_links":{"self":[{"href":"https:\/\/www.communedetoeufles.fr\/index.php?rest_route=\/wp\/v2\/pages\/59","targetHints":{"allow":["GET"]}}],"collection":[{"href":"https:\/\/www.communedetoeufles.fr\/index.php?rest_route=\/wp\/v2\/pages"}],"about":[{"href":"https:\/\/www.communedetoeufles.fr\/index.php?rest_route=\/wp\/v2\/types\/page"}],"author":[{"embeddable":true,"href":"https:\/\/www.communedetoeufles.fr\/index.php?rest_route=\/wp\/v2\/users\/1"}],"replies":[{"embeddable":true,"href":"https:\/\/www.communedetoeufles.fr\/index.php?rest_route=%2Fwp%2Fv2%2Fcomments&post=59"}],"version-history":[{"count":43,"href":"https:\/\/www.communedetoeufles.fr\/index.php?rest_route=\/wp\/v2\/pages\/59\/revisions"}],"predecessor-version":[{"id":839,"href":"https:\/\/www.communedetoeufles.fr\/index.php?rest_route=\/wp\/v2\/pages\/59\/revisions\/839"}],"wp:attachment":[{"href":"https:\/\/www.communedetoeufles.fr\/index.php?rest_route=%2Fwp%2Fv2%2Fmedia&parent=59"}],"curies":[{"name":"wp","href":"https:\/\/api.w.org\/{rel}","templated":true}]}}