{"id":644,"date":"2018-01-16T11:36:37","date_gmt":"2018-01-16T10:36:37","guid":{"rendered":"http:\/\/www.communedetoeufles.fr\/?page_id=644"},"modified":"2018-01-16T11:40:36","modified_gmt":"2018-01-16T10:40:36","slug":"recompense-pour-les-jeunes-diplomes","status":"publish","type":"page","link":"https:\/\/www.communedetoeufles.fr\/?page_id=644","title":{"rendered":"R\u00e9compense pour les jeunes diplom\u00e9s"},"content":{"rendered":"<p>jeunes dipl\u00f4m\u00e9s ,pensez \u00e0 vous pr\u00e9senter \u00e0 la mairie avec vos r\u00e9sultats !<br \/>\nLes membres du CCAS ont d\u00e9cid\u00e9 d\u2019attribuer \u00e0 chaque jeune dipl\u00f4m\u00e9 de la commune de Toeufles une fois\u00a0dans sa scolarit\u00e9 hormis le Brevet des Coll\u00e8ges un bon d\u2019achat d\u2019une valeur de 70 \u20ac \u00e0 utiliser chez ABC\u00a0Informatique \u00e0 Abbeville ou \u00e0 la librairie Ternisien-Duclercq \u00e0 Abbeville.<\/p>\n","protected":false},"excerpt":{"rendered":"<p>jeunes dipl\u00f4m\u00e9s ,pensez \u00e0 vous pr\u00e9senter \u00e0 la mairie avec vos r\u00e9sultats ! Les membres du CCAS ont d\u00e9cid\u00e9 d\u2019attribuer \u00e0 chaque jeune dipl\u00f4m\u00e9 de la commune de Toeufles une fois\u00a0dans sa scolarit\u00e9 hormis le Brevet des Coll\u00e8ges un bon &hellip; <a href=\"https:\/\/www.communedetoeufles.fr\/?page_id=644\">Continuer la lecture <span class=\"meta-nav\">&rarr;<\/span><\/a><\/p>\n","protected":false},"author":1,"featured_media":0,"parent":0,"menu_order":0,"comment_status":"closed","ping_status":"closed","template":"","meta":{"footnotes":""},"class_list":["post-644","page","type-page","status-publish","hentry"],"_links":{"self":[{"href":"https:\/\/www.communedetoeufles.fr\/index.php?rest_route=\/wp\/v2\/pages\/644","targetHints":{"allow":["GET"]}}],"collection":[{"href":"https:\/\/www.communedetoeufles.fr\/index.php?rest_route=\/wp\/v2\/pages"}],"about":[{"href":"https:\/\/www.communedetoeufles.fr\/index.php?rest_route=\/wp\/v2\/types\/page"}],"author":[{"embeddable":true,"href":"https:\/\/www.communedetoeufles.fr\/index.php?rest_route=\/wp\/v2\/users\/1"}],"replies":[{"embeddable":true,"href":"https:\/\/www.communedetoeufles.fr\/index.php?rest_route=%2Fwp%2Fv2%2Fcomments&post=644"}],"version-history":[{"count":1,"href":"https:\/\/www.communedetoeufles.fr\/index.php?rest_route=\/wp\/v2\/pages\/644\/revisions"}],"predecessor-version":[{"id":645,"href":"https:\/\/www.communedetoeufles.fr\/index.php?rest_route=\/wp\/v2\/pages\/644\/revisions\/645"}],"wp:attachment":[{"href":"https:\/\/www.communedetoeufles.fr\/index.php?rest_route=%2Fwp%2Fv2%2Fmedia&parent=644"}],"curies":[{"name":"wp","href":"https:\/\/api.w.org\/{rel}","templated":true}]}}