{"id":814,"date":"2018-02-07T15:31:25","date_gmt":"2018-02-07T14:31:25","guid":{"rendered":"http:\/\/www.communedetoeufles.fr\/?page_id=814"},"modified":"2018-02-07T15:31:25","modified_gmt":"2018-02-07T14:31:25","slug":"resultat-des-elections-presidentielles","status":"publish","type":"page","link":"https:\/\/www.communedetoeufles.fr\/?page_id=814","title":{"rendered":"R\u00e9sultat des \u00e9lections Pr\u00e9sidentielles"},"content":{"rendered":"<h2 class=\"section-title-border\">R\u00e9sultats 2017<\/h2>\n<h3>R\u00e9sultats de la commune au 2d tour<\/h3>\n<table>\n<tbody>\n<tr>\n<th class=\"tac\">Liste des candidats<\/th>\n<th class=\"tac\">Voix<\/th>\n<th class=\"tac\">% Inscrits<\/th>\n<th class=\"tac\">% Exprim\u00e9s<\/th>\n<\/tr>\n<tr>\n<td>M. Emmanuel MACRON<\/td>\n<td class=\"tar\">99<\/td>\n<td class=\"tac\">36,53<\/td>\n<td class=\"tac\">50,00<\/td>\n<\/tr>\n<tr>\n<td>Mme Marine LE PEN<\/td>\n<td class=\"tar\">99<\/td>\n<td class=\"tac\">36,53<\/td>\n<td class=\"tac\">50,00<\/td>\n<\/tr>\n<\/tbody>\n<\/table>\n<table>\n<tbody>\n<tr>\n<th><\/th>\n<th class=\"tac\">Nombre<\/th>\n<th class=\"tac\">% Inscrits<\/th>\n<th class=\"tac\">% Votants<\/th>\n<\/tr>\n<tr>\n<td>Inscrits<\/td>\n<td class=\"tar\">271<\/td>\n<td><\/td>\n<td><\/td>\n<\/tr>\n<tr>\n<td>Abstentions<\/td>\n<td class=\"tar\">54<\/td>\n<td class=\"tac\">19,93<\/td>\n<td><\/td>\n<\/tr>\n<tr>\n<td>Votants<\/td>\n<td class=\"tar\">217<\/td>\n<td class=\"tac\">80,07<\/td>\n<td><\/td>\n<\/tr>\n<tr>\n<td>Blancs<\/td>\n<td class=\"tar\">19<\/td>\n<td class=\"tac\">7,01<\/td>\n<td class=\"tac\">8,76<\/td>\n<\/tr>\n<tr>\n<td>Nuls<\/td>\n<td class=\"tar\">0<\/td>\n<td class=\"tac\">0,00<\/td>\n<td class=\"tac\">0,00<\/td>\n<\/tr>\n<tr>\n<td>Exprim\u00e9s<\/td>\n<td class=\"tar\">198<\/td>\n<td class=\"tac\">73,06<\/td>\n<td class=\"tac\">91,24<\/td>\n<\/tr>\n<\/tbody>\n<\/table>\n<p>En raison des arrondis \u00e0 la deuxi\u00e8me d\u00e9cimale, la somme des pourcentages peut ne pas \u00eatre \u00e9gale \u00e0 100%.<\/p>\n<h3>Rappel des r\u00e9sultats de la commune au 1er tour<\/h3>\n<table>\n<tbody>\n<tr>\n<th class=\"tac\">Liste des candidats<\/th>\n<th class=\"tac\">Voix<\/th>\n<th class=\"tac\">% Inscrits<\/th>\n<th class=\"tac\">% Exprim\u00e9s<\/th>\n<\/tr>\n<tr>\n<td>Mme Marine LE PEN<\/td>\n<td class=\"tar\">69<\/td>\n<td class=\"tac\">25,46<\/td>\n<td class=\"tac\">31,36<\/td>\n<\/tr>\n<tr>\n<td>M. Emmanuel MACRON<\/td>\n<td class=\"tar\">50<\/td>\n<td class=\"tac\">18,45<\/td>\n<td class=\"tac\">22,73<\/td>\n<\/tr>\n<tr>\n<td>M. Fran\u00e7ois FILLON<\/td>\n<td class=\"tar\">40<\/td>\n<td class=\"tac\">14,76<\/td>\n<td class=\"tac\">18,18<\/td>\n<\/tr>\n<tr>\n<td>M. Jean-Luc M\u00c9LENCHON<\/td>\n<td class=\"tar\">32<\/td>\n<td class=\"tac\">11,81<\/td>\n<td class=\"tac\">14,55<\/td>\n<\/tr>\n<tr>\n<td>M. Nicolas DUPONT-AIGNAN<\/td>\n<td class=\"tar\">8<\/td>\n<td class=\"tac\">2,95<\/td>\n<td class=\"tac\">3,64<\/td>\n<\/tr>\n<tr>\n<td>M. Beno\u00eet HAMON<\/td>\n<td class=\"tar\">7<\/td>\n<td class=\"tac\">2,58<\/td>\n<td class=\"tac\">3,18<\/td>\n<\/tr>\n<tr>\n<td>M. Philippe POUTOU<\/td>\n<td class=\"tar\">6<\/td>\n<td class=\"tac\">2,21<\/td>\n<td class=\"tac\">2,73<\/td>\n<\/tr>\n<tr>\n<td>M. Jean LASSALLE<\/td>\n<td class=\"tar\">4<\/td>\n<td class=\"tac\">1,48<\/td>\n<td class=\"tac\">1,82<\/td>\n<\/tr>\n<tr>\n<td>M. Jacques CHEMINADE<\/td>\n<td class=\"tar\">3<\/td>\n<td class=\"tac\">1,11<\/td>\n<td class=\"tac\">1,36<\/td>\n<\/tr>\n<tr>\n<td>Mme Nathalie ARTHAUD<\/td>\n<td class=\"tar\">1<\/td>\n<td class=\"tac\">0,37<\/td>\n<td class=\"tac\">0,45<\/td>\n<\/tr>\n<tr>\n<td>M. Fran\u00e7ois ASSELINEAU<\/td>\n<td class=\"tar\">0<\/td>\n<td class=\"tac\">0,00<\/td>\n<td class=\"tac\">0,00<\/td>\n<\/tr>\n<\/tbody>\n<\/table>\n<table>\n<tbody>\n<tr>\n<th><\/th>\n<th class=\"tac\">Nombre<\/th>\n<th class=\"tac\">% Inscrits<\/th>\n<th class=\"tac\">% Votants<\/th>\n<\/tr>\n<tr>\n<td>Inscrits<\/td>\n<td class=\"tar\">271<\/td>\n<td><\/td>\n<td><\/td>\n<\/tr>\n<tr>\n<td>Abstentions<\/td>\n<td class=\"tar\">49<\/td>\n<td class=\"tac\">18,08<\/td>\n<td><\/td>\n<\/tr>\n<tr>\n<td>Votants<\/td>\n<td class=\"tar\">222<\/td>\n<td class=\"tac\">81,92<\/td>\n<td><\/td>\n<\/tr>\n<tr>\n<td>Blancs<\/td>\n<td class=\"tar\">2<\/td>\n<td class=\"tac\">0,74<\/td>\n<td class=\"tac\">0,90<\/td>\n<\/tr>\n<tr>\n<td>Nuls<\/td>\n<td class=\"tar\">0<\/td>\n<td class=\"tac\">0,00<\/td>\n<td class=\"tac\">0,00<\/td>\n<\/tr>\n<tr>\n<td>Exprim\u00e9s<\/td>\n<td class=\"tar\">220<\/td>\n<td class=\"tac\">81,18<\/td>\n<td class=\"tac\">99,10<\/td>\n<\/tr>\n<\/tbody>\n<\/table>\n<p>En raison des arrondis \u00e0 la deuxi\u00e8me d\u00e9cimale, la somme des pourcentages peut ne pas \u00eatre \u00e9gale \u00e0 100%.<\/p>\n","protected":false},"excerpt":{"rendered":"<p>R\u00e9sultats 2017 R\u00e9sultats de la commune au 2d tour Liste des candidats Voix % Inscrits % Exprim\u00e9s M. Emmanuel MACRON 99 36,53 50,00 Mme Marine LE PEN 99 36,53 50,00 Nombre % Inscrits % Votants Inscrits 271 Abstentions 54 19,93 &hellip; <a href=\"https:\/\/www.communedetoeufles.fr\/?page_id=814\">Continuer la lecture <span class=\"meta-nav\">&rarr;<\/span><\/a><\/p>\n","protected":false},"author":1,"featured_media":0,"parent":0,"menu_order":0,"comment_status":"closed","ping_status":"closed","template":"","meta":{"footnotes":""},"class_list":["post-814","page","type-page","status-publish","hentry"],"_links":{"self":[{"href":"https:\/\/www.communedetoeufles.fr\/index.php?rest_route=\/wp\/v2\/pages\/814","targetHints":{"allow":["GET"]}}],"collection":[{"href":"https:\/\/www.communedetoeufles.fr\/index.php?rest_route=\/wp\/v2\/pages"}],"about":[{"href":"https:\/\/www.communedetoeufles.fr\/index.php?rest_route=\/wp\/v2\/types\/page"}],"author":[{"embeddable":true,"href":"https:\/\/www.communedetoeufles.fr\/index.php?rest_route=\/wp\/v2\/users\/1"}],"replies":[{"embeddable":true,"href":"https:\/\/www.communedetoeufles.fr\/index.php?rest_route=%2Fwp%2Fv2%2Fcomments&post=814"}],"version-history":[{"count":1,"href":"https:\/\/www.communedetoeufles.fr\/index.php?rest_route=\/wp\/v2\/pages\/814\/revisions"}],"predecessor-version":[{"id":815,"href":"https:\/\/www.communedetoeufles.fr\/index.php?rest_route=\/wp\/v2\/pages\/814\/revisions\/815"}],"wp:attachment":[{"href":"https:\/\/www.communedetoeufles.fr\/index.php?rest_route=%2Fwp%2Fv2%2Fmedia&parent=814"}],"curies":[{"name":"wp","href":"https:\/\/api.w.org\/{rel}","templated":true}]}}